{"id":4543,"date":"2023-10-04T05:06:26","date_gmt":"2023-10-04T03:06:26","guid":{"rendered":"https:\/\/medlynat.com\/?page_id=4543"},"modified":"2025-02-20T16:48:36","modified_gmt":"2025-02-20T21:48:36","slug":"orphia","status":"publish","type":"page","link":"https:\/\/medlynat.com\/index.php\/orphia\/","title":{"rendered":"Orphia"},"content":{"rendered":"\n<div class=\"wp-block-columns is-layout-flex wp-container-core-columns-is-layout-1 wp-block-columns-is-layout-flex\">\n<div class=\"wp-block-column is-vertically-aligned-center is-layout-flow wp-block-column-is-layout-flow\"><div class=\"wp-block-image\">\n<figure class=\"alignright size-full is-resized\"><img loading=\"lazy\" decoding=\"async\" width=\"530\" height=\"766\" src=\"https:\/\/medlynat.com\/wp-content\/uploads\/2025\/02\/WhatsApp-Image-2025-02-20-at-16.46.26.jpeg\" alt=\"\" class=\"wp-image-5990\" style=\"width:194px;height:auto\" srcset=\"https:\/\/medlynat.com\/wp-content\/uploads\/2025\/02\/WhatsApp-Image-2025-02-20-at-16.46.26.jpeg 530w, https:\/\/medlynat.com\/wp-content\/uploads\/2025\/02\/WhatsApp-Image-2025-02-20-at-16.46.26-208x300.jpeg 208w, https:\/\/medlynat.com\/wp-content\/uploads\/2025\/02\/WhatsApp-Image-2025-02-20-at-16.46.26-156x225.jpeg 156w\" sizes=\"auto, (max-width: 530px) 100vw, 530px\" \/><\/figure><\/div><\/div>\n\n\n\n<div class=\"wp-block-column is-vertically-aligned-center is-layout-flow wp-block-column-is-layout-flow\"><div class=\"wp-block-image\">\n<figure class=\"aligncenter size-full is-resized\"><img loading=\"lazy\" decoding=\"async\" width=\"456\" height=\"547\" src=\"https:\/\/medlynat.com\/wp-content\/uploads\/2024\/06\/Orph_2.png\" alt=\"\" class=\"wp-image-5503\" style=\"width:350px;height:auto\" srcset=\"https:\/\/medlynat.com\/wp-content\/uploads\/2024\/06\/Orph_2.png 456w, https:\/\/medlynat.com\/wp-content\/uploads\/2024\/06\/Orph_2-250x300.png 250w, https:\/\/medlynat.com\/wp-content\/uploads\/2024\/06\/Orph_2-188x225.png 188w\" sizes=\"auto, (max-width: 456px) 100vw, 456px\" \/><\/figure><\/div><\/div>\n\n\n\n<div class=\"wp-block-column is-vertically-aligned-center is-layout-flow wp-block-column-is-layout-flow\">\n<figure class=\"wp-block-image size-full is-resized\"><img loading=\"lazy\" decoding=\"async\" width=\"456\" height=\"547\" src=\"https:\/\/medlynat.com\/wp-content\/uploads\/2024\/06\/Orph_3.png\" alt=\"\" class=\"wp-image-5502\" style=\"width:359px;height:auto\" srcset=\"https:\/\/medlynat.com\/wp-content\/uploads\/2024\/06\/Orph_3.png 456w, https:\/\/medlynat.com\/wp-content\/uploads\/2024\/06\/Orph_3-250x300.png 250w, https:\/\/medlynat.com\/wp-content\/uploads\/2024\/06\/Orph_3-188x225.png 188w\" sizes=\"auto, (max-width: 456px) 100vw, 456px\" \/><\/figure>\n<\/div>\n<\/div>\n\n\n\n<h3 class=\"wp-block-heading has-text-align-center\">Orphia es una combinaci\u00f3n de ingredientes naturales que se encuentran en diferentes pa\u00edses y se combinan para restaurar la vitalidad, la confianza, el rendimiento y la energ\u00eda del hombre.<\/h3>\n\n\n\n<div class=\"wp-block-uagb-container uagb-block-57b9fa9c alignfull uagb-is-root-container\"><div class=\"uagb-container-inner-blocks-wrap\">\n<div class=\"wp-block-uagb-container uagb-block-45404e20\">\n<div class=\"wp-block-uagb-image aligncenter uagb-block-24c9d559 wp-block-uagb-image--layout-default wp-block-uagb-image--effect-static wp-block-uagb-image--align-center\"><figure class=\"wp-block-uagb-image__figure\"><img decoding=\"async\" srcset=\"https:\/\/medlynat.com\/wp-content\/uploads\/2023\/10\/pngwing.com-32.png ,https:\/\/medlynat.com\/wp-content\/uploads\/2023\/10\/pngwing.com-32.png 780w, https:\/\/medlynat.com\/wp-content\/uploads\/2023\/10\/pngwing.com-32.png 360w\" sizes=\"auto, (max-width: 480px) 150px\" src=\"https:\/\/medlynat.com\/wp-content\/uploads\/2023\/10\/pngwing.com-32.png\" alt=\"\" class=\"uag-image-4879\" width=\"146\" height=\"146\" title=\"\" loading=\"lazy\" role=\"img\"\/><\/figure><\/div>\n\n\n\n<p class=\"has-text-align-center\">Podr\u00eda mejorar la motilidad y<br>concentraci\u00f3n de los espermatozoides, aumentando la fertilidad masculina<\/p>\n<\/div>\n\n\n\n<div class=\"wp-block-uagb-container uagb-block-17090f0a\">\n<div class=\"wp-block-uagb-image aligncenter uagb-block-f34763bc wp-block-uagb-image--layout-default wp-block-uagb-image--effect-static wp-block-uagb-image--align-center\"><figure class=\"wp-block-uagb-image__figure\"><img decoding=\"async\" srcset=\"https:\/\/medlynat.com\/wp-content\/uploads\/2023\/10\/pngwing.com-9-1.png ,https:\/\/medlynat.com\/wp-content\/uploads\/2023\/10\/pngwing.com-9-1.png 780w, https:\/\/medlynat.com\/wp-content\/uploads\/2023\/10\/pngwing.com-9-1.png 360w\" sizes=\"auto, (max-width: 480px) 150px\" src=\"https:\/\/medlynat.com\/wp-content\/uploads\/2023\/10\/pngwing.com-9-1.png\" alt=\"\" class=\"uag-image-4785\" width=\"150\" height=\"150\" title=\"\" loading=\"lazy\" role=\"img\"\/><\/figure><\/div>\n\n\n\n<p class=\"has-text-align-center\">Podr\u00eda aumentar el rendimiento<br>deportivo, aumentar la masa muscular y ayudar a quemar grasa corporal<\/p>\n<\/div>\n\n\n\n<div class=\"wp-block-uagb-container uagb-block-91277161\">\n<div class=\"wp-block-uagb-image aligncenter uagb-block-17ab9f59 wp-block-uagb-image--layout-default wp-block-uagb-image--effect-static wp-block-uagb-image--align-center\"><figure class=\"wp-block-uagb-image__figure\"><img decoding=\"async\" srcset=\"https:\/\/medlynat.com\/wp-content\/uploads\/2023\/10\/pngwing.com-37.png ,https:\/\/medlynat.com\/wp-content\/uploads\/2023\/10\/pngwing.com-37.png 780w, https:\/\/medlynat.com\/wp-content\/uploads\/2023\/10\/pngwing.com-37.png 360w\" sizes=\"auto, (max-width: 480px) 150px\" src=\"https:\/\/medlynat.com\/wp-content\/uploads\/2023\/10\/pngwing.com-37.png\" alt=\"\" class=\"uag-image-4881\" width=\"137\" height=\"137\" title=\"\" loading=\"lazy\" role=\"img\"\/><\/figure><\/div>\n\n\n\n<p class=\"has-text-align-center\">Podr\u00eda reducir las hormonas <br>del estr\u00e9s y la ansiedad en su<br>cuerpo y mejorar su estado de \u00e1nimo.<\/p>\n<\/div>\n\n\n\n<div class=\"wp-block-uagb-container uagb-block-79585a33\">\n<div class=\"wp-block-uagb-image aligncenter uagb-block-5f729732 wp-block-uagb-image--layout-default wp-block-uagb-image--effect-static wp-block-uagb-image--align-center\"><figure class=\"wp-block-uagb-image__figure\"><img decoding=\"async\" srcset=\"https:\/\/medlynat.com\/wp-content\/uploads\/2023\/10\/pngwing.com-38.png ,https:\/\/medlynat.com\/wp-content\/uploads\/2023\/10\/pngwing.com-38.png 780w, https:\/\/medlynat.com\/wp-content\/uploads\/2023\/10\/pngwing.com-38.png 360w\" sizes=\"auto, (max-width: 480px) 150px\" src=\"https:\/\/medlynat.com\/wp-content\/uploads\/2023\/10\/pngwing.com-38.png\" alt=\"\" class=\"uag-image-4892\" width=\"126\" height=\"126\" title=\"\" loading=\"lazy\" role=\"img\"\/><\/figure><\/div>\n\n\n\n<p class=\"has-text-align-center\">Podr\u00eda mejorar la libido <br>y el deseo sexual<\/p>\n<\/div>\n\n\n\n<div class=\"wp-block-uagb-container uagb-block-757ae534\">\n<div class=\"wp-block-uagb-image aligncenter uagb-block-c981951e wp-block-uagb-image--layout-default wp-block-uagb-image--effect-static wp-block-uagb-image--align-center\"><figure class=\"wp-block-uagb-image__figure\"><img decoding=\"async\" srcset=\"https:\/\/medlynat.com\/wp-content\/uploads\/2023\/10\/pngwing.com-35.png ,https:\/\/medlynat.com\/wp-content\/uploads\/2023\/10\/pngwing.com-35.png 780w, https:\/\/medlynat.com\/wp-content\/uploads\/2023\/10\/pngwing.com-35.png 360w\" sizes=\"auto, (max-width: 480px) 150px\" src=\"https:\/\/medlynat.com\/wp-content\/uploads\/2023\/10\/pngwing.com-35.png\" alt=\"\" class=\"uag-image-4928\" width=\"118\" height=\"118\" title=\"\" loading=\"lazy\" role=\"img\"\/><\/figure><\/div>\n\n\n\n<p class=\"has-text-align-center\">Podr\u00eda aumentar los<br>niveles de testosterona<\/p>\n<\/div>\n<\/div><\/div>\n\n\n\n<hr class=\"wp-block-separator has-alpha-channel-opacity is-style-dots\"\/>\n\n\n\n<div class=\"wp-block-uagb-container uagb-block-60f22a64 alignfull uagb-is-root-container\"><div class=\"uagb-container-inner-blocks-wrap\">\n<div class=\"wp-block-uagb-container uagb-block-bd4d66d6\">\n<div class=\"wp-block-uagb-image aligncenter uagb-block-ff97e067 wp-block-uagb-image--layout-default wp-block-uagb-image--effect-static wp-block-uagb-image--align-center\"><figure class=\"wp-block-uagb-image__figure\"><img decoding=\"async\" srcset=\"https:\/\/medlynat.com\/wp-content\/uploads\/2023\/10\/pngwing.com-15-478x1024.png ,https:\/\/medlynat.com\/wp-content\/uploads\/2023\/10\/pngwing.com-15.png 780w, https:\/\/medlynat.com\/wp-content\/uploads\/2023\/10\/pngwing.com-15.png 360w\" sizes=\"auto, (max-width: 480px) 150px\" src=\"https:\/\/medlynat.com\/wp-content\/uploads\/2023\/10\/pngwing.com-15-478x1024.png\" alt=\"\" class=\"uag-image-4808\" width=\"60\" height=\"127\" title=\"pngwing.com-15\" loading=\"lazy\" role=\"img\"\/><\/figure><\/div>\n\n\n\n<p class=\"has-text-align-center\">NON-GMO<\/p>\n<\/div>\n\n\n\n<div class=\"wp-block-uagb-container uagb-block-fb8c7d35\">\n<div class=\"wp-block-uagb-image uagb-block-4b2d116a wp-block-uagb-image--layout-default wp-block-uagb-image--effect-static wp-block-uagb-image--align-none\"><figure class=\"wp-block-uagb-image__figure\"><img decoding=\"async\" srcset=\"https:\/\/medlynat.com\/wp-content\/uploads\/2023\/10\/pngwing.com-16.png ,https:\/\/medlynat.com\/wp-content\/uploads\/2023\/10\/pngwing.com-16.png 780w, https:\/\/medlynat.com\/wp-content\/uploads\/2023\/10\/pngwing.com-16.png 360w\" sizes=\"auto, (max-width: 480px) 150px\" src=\"https:\/\/medlynat.com\/wp-content\/uploads\/2023\/10\/pngwing.com-16.png\" alt=\"\" class=\"uag-image-4809\" width=\"66\" height=\"66\" title=\"pngwing.com-16\" loading=\"lazy\" role=\"img\"\/><\/figure><\/div>\n\n\n\n<p class=\"has-text-align-center\">FABRICADO EN UNA INSTALACI\u00d3N REGISTRADA EN LA U.S F.D.A<\/p>\n<\/div>\n\n\n\n<div class=\"wp-block-uagb-container uagb-block-252e6191\">\n<div class=\"wp-block-uagb-image aligncenter uagb-block-884e5482 wp-block-uagb-image--layout-default wp-block-uagb-image--effect-static wp-block-uagb-image--align-center\"><figure class=\"wp-block-uagb-image__figure\"><img decoding=\"async\" srcset=\"https:\/\/medlynat.com\/wp-content\/uploads\/2023\/10\/pngwing.com-19.png ,https:\/\/medlynat.com\/wp-content\/uploads\/2023\/10\/pngwing.com-19.png 780w, https:\/\/medlynat.com\/wp-content\/uploads\/2023\/10\/pngwing.com-19.png 360w\" sizes=\"auto, (max-width: 480px) 150px\" src=\"https:\/\/medlynat.com\/wp-content\/uploads\/2023\/10\/pngwing.com-19.png\" alt=\"\" class=\"uag-image-4810\" width=\"77\" height=\"77\" title=\"pngwing.com-19\" loading=\"lazy\" role=\"img\"\/><\/figure><\/div>\n\n\n\n<p class=\"has-text-align-center\">ISO 9001<br>CERTIFICADO<\/p>\n<\/div>\n\n\n\n<div class=\"wp-block-uagb-container uagb-block-f4eaf840\">\n<div class=\"wp-block-uagb-image uagb-block-8245149c wp-block-uagb-image--layout-default wp-block-uagb-image--effect-static wp-block-uagb-image--align-none\"><figure class=\"wp-block-uagb-image__figure\"><img decoding=\"async\" srcset=\"https:\/\/medlynat.com\/wp-content\/uploads\/2023\/10\/pngwing.com-20.png ,https:\/\/medlynat.com\/wp-content\/uploads\/2023\/10\/pngwing.com-20.png 780w, https:\/\/medlynat.com\/wp-content\/uploads\/2023\/10\/pngwing.com-20.png 360w\" sizes=\"auto, (max-width: 480px) 150px\" src=\"https:\/\/medlynat.com\/wp-content\/uploads\/2023\/10\/pngwing.com-20.png\" alt=\"\" class=\"uag-image-4811\" width=\"84\" height=\"84\" title=\"pngwing.com-20\" loading=\"lazy\" role=\"img\"\/><\/figure><\/div>\n\n\n\n<p class=\"has-text-align-center\">GMP<br>CERTIFICADO<\/p>\n<\/div>\n\n\n\n<div class=\"wp-block-uagb-container uagb-block-45e57339\">\n<div class=\"wp-block-uagb-image uagb-block-0931154c wp-block-uagb-image--layout-default wp-block-uagb-image--effect-static wp-block-uagb-image--align-none\"><figure class=\"wp-block-uagb-image__figure\"><img decoding=\"async\" srcset=\"https:\/\/medlynat.com\/wp-content\/uploads\/2023\/10\/pngwing.com-21.png ,https:\/\/medlynat.com\/wp-content\/uploads\/2023\/10\/pngwing.com-21.png 780w, https:\/\/medlynat.com\/wp-content\/uploads\/2023\/10\/pngwing.com-21.png 360w\" sizes=\"auto, (max-width: 480px) 150px\" src=\"https:\/\/medlynat.com\/wp-content\/uploads\/2023\/10\/pngwing.com-21.png\" alt=\"\" class=\"uag-image-4812\" width=\"86\" height=\"86\" title=\"pngwing.com-21\" loading=\"lazy\" role=\"img\"\/><\/figure><\/div>\n\n\n\n<p class=\"has-text-align-center\">1 BOTELLA MEDLYCARE CONTIENE 1 MES DE SUMINISTRO<\/p>\n<\/div>\n<\/div><\/div>\n   ","protected":false},"excerpt":{"rendered":"<p>Orphia es una combinaci\u00f3n de ingredientes naturales que se encuentran en diferentes pa\u00edses y se combinan para restaurar la vitalidad, la confianza, el rendimiento y la energ\u00eda del hombre. Podr\u00eda mejorar la motilidad yconcentraci\u00f3n de los espermatozoides, aumentando la fertilidad masculina Podr\u00eda aumentar el rendimientodeportivo, aumentar la masa muscular y ayudar a quemar grasa corporal [&hellip;]<\/p>\n","protected":false},"author":1,"featured_media":0,"parent":0,"menu_order":0,"comment_status":"closed","ping_status":"closed","template":"","meta":{"_uag_custom_page_level_css":"","_joinchat":[],"footnotes":""},"class_list":["post-4543","page","type-page","status-publish","hentry"],"uagb_featured_image_src":{"full":false,"thumbnail":false,"medium":false,"medium_large":false,"large":false,"1536x1536":false,"2048x2048":false,"medihealth_blog_300":false,"woocommerce_thumbnail":false,"woocommerce_single":false,"woocommerce_gallery_thumbnail":false},"uagb_author_info":{"display_name":"mabelen2007","author_link":"https:\/\/medlynat.com\/index.php\/author\/mabelen2007\/"},"uagb_comment_info":0,"uagb_excerpt":"Orphia es una combinaci\u00f3n de ingredientes naturales que se encuentran en diferentes pa\u00edses y se combinan para restaurar la vitalidad, la confianza, el rendimiento y la energ\u00eda del hombre. Podr\u00eda mejorar la motilidad yconcentraci\u00f3n de los espermatozoides, aumentando la fertilidad masculina Podr\u00eda aumentar el rendimientodeportivo, aumentar la masa muscular y ayudar a quemar grasa corporal&hellip;","jetpack_sharing_enabled":true,"_links":{"self":[{"href":"https:\/\/medlynat.com\/index.php\/wp-json\/wp\/v2\/pages\/4543","targetHints":{"allow":["GET"]}}],"collection":[{"href":"https:\/\/medlynat.com\/index.php\/wp-json\/wp\/v2\/pages"}],"about":[{"href":"https:\/\/medlynat.com\/index.php\/wp-json\/wp\/v2\/types\/page"}],"author":[{"embeddable":true,"href":"https:\/\/medlynat.com\/index.php\/wp-json\/wp\/v2\/users\/1"}],"replies":[{"embeddable":true,"href":"https:\/\/medlynat.com\/index.php\/wp-json\/wp\/v2\/comments?post=4543"}],"version-history":[{"count":72,"href":"https:\/\/medlynat.com\/index.php\/wp-json\/wp\/v2\/pages\/4543\/revisions"}],"predecessor-version":[{"id":5991,"href":"https:\/\/medlynat.com\/index.php\/wp-json\/wp\/v2\/pages\/4543\/revisions\/5991"}],"wp:attachment":[{"href":"https:\/\/medlynat.com\/index.php\/wp-json\/wp\/v2\/media?parent=4543"}],"curies":[{"name":"wp","href":"https:\/\/api.w.org\/{rel}","templated":true}]}}