{"id":4624,"date":"2023-10-04T05:10:17","date_gmt":"2023-10-04T03:10:17","guid":{"rendered":"https:\/\/medlynat.com\/?page_id=4624"},"modified":"2024-07-01T15:58:13","modified_gmt":"2024-07-01T20:58:13","slug":"moringa-curcuma","status":"publish","type":"page","link":"https:\/\/medlynat.com\/index.php\/moringa-curcuma\/","title":{"rendered":"Moringa C\u00farcuma"},"content":{"rendered":"\n<div class=\"wp-block-columns is-layout-flex wp-container-core-columns-is-layout-3 wp-block-columns-is-layout-flex\">\n<div class=\"wp-block-column is-layout-flow wp-block-column-is-layout-flow\" style=\"flex-basis:100%\">\n<div class=\"wp-block-uagb-container uagb-block-ecc04d87 default uagb-is-root-container\">\n<div class=\"wp-block-uagb-container uagb-block-9d1a69b6\">\n<div class=\"wp-block-columns is-layout-flex wp-container-core-columns-is-layout-2 wp-block-columns-is-layout-flex\">\n<div class=\"wp-block-column is-vertically-aligned-center is-layout-flow wp-block-column-is-layout-flow\" style=\"flex-basis:100%\">\n<div class=\"wp-block-columns are-vertically-aligned-center is-layout-flex wp-container-core-columns-is-layout-1 wp-block-columns-is-layout-flex\">\n<div class=\"wp-block-column is-vertically-aligned-center is-layout-flow wp-block-column-is-layout-flow\">\n<div class=\"wp-block-group is-content-justification-center is-nowrap is-layout-flex wp-container-core-group-is-layout-1 wp-block-group-is-layout-flex\">\n<hr class=\"wp-block-separator has-alpha-channel-opacity\"\/>\n<\/div>\n\n\n\n<div class=\"wp-block-group is-nowrap is-layout-flex wp-container-core-group-is-layout-2 wp-block-group-is-layout-flex\">\n<hr class=\"wp-block-separator has-alpha-channel-opacity\"\/>\n\n\n<div class=\"wp-block-image\">\n<figure class=\"aligncenter size-full is-resized\"><img loading=\"lazy\" decoding=\"async\" width=\"800\" height=\"1000\" src=\"https:\/\/medlynat.com\/wp-content\/uploads\/2024\/07\/MORINGA_USA.png\" alt=\"\" class=\"wp-image-5802\" style=\"width:267px;height:auto\" srcset=\"https:\/\/medlynat.com\/wp-content\/uploads\/2024\/07\/MORINGA_USA.png 800w, https:\/\/medlynat.com\/wp-content\/uploads\/2024\/07\/MORINGA_USA-240x300.png 240w, https:\/\/medlynat.com\/wp-content\/uploads\/2024\/07\/MORINGA_USA-768x960.png 768w, https:\/\/medlynat.com\/wp-content\/uploads\/2024\/07\/MORINGA_USA-180x225.png 180w, https:\/\/medlynat.com\/wp-content\/uploads\/2024\/07\/MORINGA_USA-600x750.png 600w\" sizes=\"auto, (max-width: 800px) 100vw, 800px\" \/><\/figure><\/div><\/div>\n<\/div>\n\n\n\n<div class=\"wp-block-column is-vertically-aligned-center is-layout-flow wp-block-column-is-layout-flow\"><div class=\"wp-block-image\">\n<figure class=\"aligncenter size-full is-resized\"><img loading=\"lazy\" decoding=\"async\" width=\"456\" height=\"547\" src=\"https:\/\/medlynat.com\/wp-content\/uploads\/2024\/06\/Moringa_2.png\" alt=\"\" class=\"wp-image-5466\" style=\"width:362px;height:auto\" srcset=\"https:\/\/medlynat.com\/wp-content\/uploads\/2024\/06\/Moringa_2.png 456w, https:\/\/medlynat.com\/wp-content\/uploads\/2024\/06\/Moringa_2-250x300.png 250w, https:\/\/medlynat.com\/wp-content\/uploads\/2024\/06\/Moringa_2-188x225.png 188w\" sizes=\"auto, (max-width: 456px) 100vw, 456px\" \/><\/figure><\/div><\/div>\n\n\n\n<div class=\"wp-block-column is-vertically-aligned-center is-layout-flow wp-block-column-is-layout-flow\">\n<div class=\"wp-block-group is-nowrap is-layout-flex wp-container-core-group-is-layout-3 wp-block-group-is-layout-flex\"><div class=\"wp-block-image\">\n<figure class=\"aligncenter size-full is-resized\"><img loading=\"lazy\" decoding=\"async\" width=\"456\" height=\"547\" src=\"https:\/\/medlynat.com\/wp-content\/uploads\/2024\/06\/Moringa_3.png\" alt=\"\" class=\"wp-image-5465\" style=\"width:363px;height:auto\" srcset=\"https:\/\/medlynat.com\/wp-content\/uploads\/2024\/06\/Moringa_3.png 456w, https:\/\/medlynat.com\/wp-content\/uploads\/2024\/06\/Moringa_3-250x300.png 250w, https:\/\/medlynat.com\/wp-content\/uploads\/2024\/06\/Moringa_3-188x225.png 188w\" sizes=\"auto, (max-width: 456px) 100vw, 456px\" \/><\/figure><\/div>\n\n\n<hr class=\"wp-block-separator has-alpha-channel-opacity\"\/>\n<\/div>\n<\/div>\n<\/div>\n<\/div>\n<\/div>\n\n\n\n<h3 class=\"wp-block-heading has-text-align-center\">MedlyCare combina la moringa que es la planta que ha sido elogiada por sus beneficios para la salud durante miles de a\u00f1os con la c\u00farcuma que puede ser el suplemento nutricional m\u00e1s efectivo que existe y que puede ayudar a mejorar la salud de nuestros clientes con los siguientes beneficios<\/h3>\n<\/div>\n<\/div>\n<\/div>\n<\/div>\n\n\n\n<div class=\"wp-block-uagb-container uagb-block-1ec8ea5a alignfull uagb-is-root-container\"><div class=\"uagb-container-inner-blocks-wrap\">\n<div class=\"wp-block-uagb-container uagb-block-5f9ad477\">\n<div class=\"wp-block-uagb-image aligncenter uagb-block-cd2079dd wp-block-uagb-image--layout-default wp-block-uagb-image--effect-static wp-block-uagb-image--align-center\"><figure class=\"wp-block-uagb-image__figure\"><img decoding=\"async\" srcset=\"https:\/\/medlynat.com\/wp-content\/uploads\/2023\/10\/pngwing.com-31.png ,https:\/\/medlynat.com\/wp-content\/uploads\/2023\/10\/pngwing.com-31.png 780w, https:\/\/medlynat.com\/wp-content\/uploads\/2023\/10\/pngwing.com-31.png 360w\" sizes=\"auto, (max-width: 480px) 150px\" src=\"https:\/\/medlynat.com\/wp-content\/uploads\/2023\/10\/pngwing.com-31.png\" alt=\"\" class=\"uag-image-4878\" width=\"84\" height=\"127\" title=\"\" loading=\"lazy\" role=\"img\"\/><\/figure><\/div>\n\n\n\n<p class=\"has-text-align-center\">Rico en betacaroteno,<br>vitamina C, vitamina E<br>y muchos antioxidantes<br>naturales<\/p>\n<\/div>\n\n\n\n<div class=\"wp-block-uagb-container uagb-block-4a0452e3\">\n<div class=\"wp-block-uagb-image aligncenter uagb-block-51901370 wp-block-uagb-image--layout-default wp-block-uagb-image--effect-static wp-block-uagb-image--align-center\"><figure class=\"wp-block-uagb-image__figure\"><img decoding=\"async\" srcset=\"https:\/\/medlynat.com\/wp-content\/uploads\/2023\/10\/pngwing.com-32.png ,https:\/\/medlynat.com\/wp-content\/uploads\/2023\/10\/pngwing.com-32.png 780w, https:\/\/medlynat.com\/wp-content\/uploads\/2023\/10\/pngwing.com-32.png 360w\" sizes=\"auto, (max-width: 480px) 150px\" src=\"https:\/\/medlynat.com\/wp-content\/uploads\/2023\/10\/pngwing.com-32.png\" alt=\"\" class=\"uag-image-4879\" width=\"127\" height=\"127\" title=\"\" loading=\"lazy\" role=\"img\"\/><\/figure><\/div>\n\n\n\n<p class=\"has-text-align-center\">Tiene propiedades contra<br>la diabetes, contra la<br>aterosclerosis, contra la<br>depresi\u00f3n, contra el<br>c\u00e1ncer, contra la artritis y<br>el dolor<\/p>\n<\/div>\n\n\n\n<div class=\"wp-block-uagb-container uagb-block-0fb1270a\">\n<div class=\"wp-block-uagb-image aligncenter uagb-block-b5fe50a4 wp-block-uagb-image--layout-default wp-block-uagb-image--effect-static wp-block-uagb-image--align-center\"><figure class=\"wp-block-uagb-image__figure\"><img decoding=\"async\" srcset=\"https:\/\/medlynat.com\/wp-content\/uploads\/2023\/10\/pngwing.com-22-1024x768.png ,https:\/\/medlynat.com\/wp-content\/uploads\/2023\/10\/pngwing.com-22.png 780w, https:\/\/medlynat.com\/wp-content\/uploads\/2023\/10\/pngwing.com-22.png 360w\" sizes=\"auto, (max-width: 480px) 150px\" src=\"https:\/\/medlynat.com\/wp-content\/uploads\/2023\/10\/pngwing.com-22-1024x768.png\" alt=\"\" class=\"uag-image-4841\" width=\"163\" height=\"122\" title=\"\" loading=\"lazy\" role=\"img\"\/><\/figure><\/div>\n\n\n\n<p class=\"has-text-align-center\">Tiene propiedades<br>hep\u00e1ticas y<br>neuroprotectoras.<\/p>\n<\/div>\n<\/div><\/div>\n\n\n\n<div class=\"wp-block-uagb-container uagb-block-196ae6f2 alignfull uagb-is-root-container\"><div class=\"uagb-container-inner-blocks-wrap\">\n<div class=\"wp-block-uagb-container uagb-block-d9ac3fc5\">\n<div class=\"wp-block-uagb-image aligncenter uagb-block-03cc31a2 wp-block-uagb-image--layout-default wp-block-uagb-image--effect-static wp-block-uagb-image--align-center\"><figure class=\"wp-block-uagb-image__figure\"><img decoding=\"async\" srcset=\"https:\/\/medlynat.com\/wp-content\/uploads\/2023\/10\/pngwing.com-36.png ,https:\/\/medlynat.com\/wp-content\/uploads\/2023\/10\/pngwing.com-36.png 780w, https:\/\/medlynat.com\/wp-content\/uploads\/2023\/10\/pngwing.com-36.png 360w\" sizes=\"auto, (max-width: 480px) 150px\" src=\"https:\/\/medlynat.com\/wp-content\/uploads\/2023\/10\/pngwing.com-36.png\" alt=\"\" class=\"uag-image-4880\" width=\"137\" height=\"104\" title=\"\" loading=\"lazy\" role=\"img\"\/><\/figure><\/div>\n\n\n\n<p class=\"has-text-align-center\">Tiene elementos<br>antinflamatorios<\/p>\n<\/div>\n\n\n\n<div class=\"wp-block-uagb-container uagb-block-17b157c9\">\n<div class=\"wp-block-uagb-image aligncenter uagb-block-96ded0a0 wp-block-uagb-image--layout-default wp-block-uagb-image--effect-static wp-block-uagb-image--align-center\"><figure class=\"wp-block-uagb-image__figure\"><img decoding=\"async\" srcset=\"https:\/\/medlynat.com\/wp-content\/uploads\/2023\/10\/pngwing.com-37.png ,https:\/\/medlynat.com\/wp-content\/uploads\/2023\/10\/pngwing.com-37.png 780w, https:\/\/medlynat.com\/wp-content\/uploads\/2023\/10\/pngwing.com-37.png 360w\" sizes=\"auto, (max-width: 480px) 150px\" src=\"https:\/\/medlynat.com\/wp-content\/uploads\/2023\/10\/pngwing.com-37.png\" alt=\"\" class=\"uag-image-4881\" width=\"119\" height=\"119\" title=\"\" loading=\"lazy\" role=\"img\"\/><\/figure><\/div>\n\n\n\n<p class=\"has-text-align-center\">Tiene propiedades<br>anticancer\u00edgenas<\/p>\n<\/div>\n<\/div><\/div>\n\n\n\n<hr class=\"wp-block-separator has-alpha-channel-opacity is-style-dots\"\/>\n\n\n\n<div class=\"wp-block-uagb-container uagb-block-60f22a64 alignfull uagb-is-root-container\"><div class=\"uagb-container-inner-blocks-wrap\">\n<div class=\"wp-block-uagb-container uagb-block-bd4d66d6\">\n<div class=\"wp-block-uagb-image aligncenter uagb-block-ff97e067 wp-block-uagb-image--layout-default wp-block-uagb-image--effect-static wp-block-uagb-image--align-center\"><figure class=\"wp-block-uagb-image__figure\"><img decoding=\"async\" srcset=\"https:\/\/medlynat.com\/wp-content\/uploads\/2023\/10\/pngwing.com-15-478x1024.png ,https:\/\/medlynat.com\/wp-content\/uploads\/2023\/10\/pngwing.com-15.png 780w, https:\/\/medlynat.com\/wp-content\/uploads\/2023\/10\/pngwing.com-15.png 360w\" sizes=\"auto, (max-width: 480px) 150px\" src=\"https:\/\/medlynat.com\/wp-content\/uploads\/2023\/10\/pngwing.com-15-478x1024.png\" alt=\"\" class=\"uag-image-4808\" width=\"60\" height=\"127\" title=\"pngwing.com-15\" loading=\"lazy\" role=\"img\"\/><\/figure><\/div>\n\n\n\n<p class=\"has-text-align-center\">NON-GMO<\/p>\n<\/div>\n\n\n\n<div class=\"wp-block-uagb-container uagb-block-fb8c7d35\">\n<div class=\"wp-block-uagb-image uagb-block-4b2d116a wp-block-uagb-image--layout-default wp-block-uagb-image--effect-static wp-block-uagb-image--align-none\"><figure class=\"wp-block-uagb-image__figure\"><img decoding=\"async\" srcset=\"https:\/\/medlynat.com\/wp-content\/uploads\/2023\/10\/pngwing.com-16.png ,https:\/\/medlynat.com\/wp-content\/uploads\/2023\/10\/pngwing.com-16.png 780w, https:\/\/medlynat.com\/wp-content\/uploads\/2023\/10\/pngwing.com-16.png 360w\" sizes=\"auto, (max-width: 480px) 150px\" src=\"https:\/\/medlynat.com\/wp-content\/uploads\/2023\/10\/pngwing.com-16.png\" alt=\"\" class=\"uag-image-4809\" width=\"66\" height=\"66\" title=\"pngwing.com-16\" loading=\"lazy\" role=\"img\"\/><\/figure><\/div>\n\n\n\n<p class=\"has-text-align-center\">FABRICADO EN UNA INSTALACI\u00d3N REGISTRADA EN LA U.S F.D.A<\/p>\n<\/div>\n\n\n\n<div class=\"wp-block-uagb-container uagb-block-252e6191\">\n<div class=\"wp-block-uagb-image aligncenter uagb-block-884e5482 wp-block-uagb-image--layout-default wp-block-uagb-image--effect-static wp-block-uagb-image--align-center\"><figure class=\"wp-block-uagb-image__figure\"><img decoding=\"async\" srcset=\"https:\/\/medlynat.com\/wp-content\/uploads\/2023\/10\/pngwing.com-19.png ,https:\/\/medlynat.com\/wp-content\/uploads\/2023\/10\/pngwing.com-19.png 780w, https:\/\/medlynat.com\/wp-content\/uploads\/2023\/10\/pngwing.com-19.png 360w\" sizes=\"auto, (max-width: 480px) 150px\" src=\"https:\/\/medlynat.com\/wp-content\/uploads\/2023\/10\/pngwing.com-19.png\" alt=\"\" class=\"uag-image-4810\" width=\"77\" height=\"77\" title=\"pngwing.com-19\" loading=\"lazy\" role=\"img\"\/><\/figure><\/div>\n\n\n\n<p class=\"has-text-align-center\">ISO 9001<br>CERTIFICADO<\/p>\n<\/div>\n\n\n\n<div class=\"wp-block-uagb-container uagb-block-f4eaf840\">\n<div class=\"wp-block-uagb-image uagb-block-8245149c wp-block-uagb-image--layout-default wp-block-uagb-image--effect-static wp-block-uagb-image--align-none\"><figure class=\"wp-block-uagb-image__figure\"><img decoding=\"async\" srcset=\"https:\/\/medlynat.com\/wp-content\/uploads\/2023\/10\/pngwing.com-20.png ,https:\/\/medlynat.com\/wp-content\/uploads\/2023\/10\/pngwing.com-20.png 780w, https:\/\/medlynat.com\/wp-content\/uploads\/2023\/10\/pngwing.com-20.png 360w\" sizes=\"auto, (max-width: 480px) 150px\" src=\"https:\/\/medlynat.com\/wp-content\/uploads\/2023\/10\/pngwing.com-20.png\" alt=\"\" class=\"uag-image-4811\" width=\"84\" height=\"84\" title=\"pngwing.com-20\" loading=\"lazy\" role=\"img\"\/><\/figure><\/div>\n\n\n\n<p class=\"has-text-align-center\">GMP<br>CERTIFICADO<\/p>\n<\/div>\n\n\n\n<div class=\"wp-block-uagb-container uagb-block-45e57339\">\n<div class=\"wp-block-uagb-image uagb-block-0931154c wp-block-uagb-image--layout-default wp-block-uagb-image--effect-static wp-block-uagb-image--align-none\"><figure class=\"wp-block-uagb-image__figure\"><img decoding=\"async\" srcset=\"https:\/\/medlynat.com\/wp-content\/uploads\/2023\/10\/pngwing.com-21.png ,https:\/\/medlynat.com\/wp-content\/uploads\/2023\/10\/pngwing.com-21.png 780w, https:\/\/medlynat.com\/wp-content\/uploads\/2023\/10\/pngwing.com-21.png 360w\" sizes=\"auto, (max-width: 480px) 150px\" src=\"https:\/\/medlynat.com\/wp-content\/uploads\/2023\/10\/pngwing.com-21.png\" alt=\"\" class=\"uag-image-4812\" width=\"86\" height=\"86\" title=\"pngwing.com-21\" loading=\"lazy\" role=\"img\"\/><\/figure><\/div>\n\n\n\n<p class=\"has-text-align-center\">1 BOTELLA MEDLYCARE CONTIENE 1 MES DE SUMINISTRO<\/p>\n<\/div>\n<\/div><\/div>\n   ","protected":false},"excerpt":{"rendered":"<p>MedlyCare combina la moringa que es la planta que ha sido elogiada por sus beneficios para la salud durante miles de a\u00f1os con la c\u00farcuma que puede ser el suplemento nutricional m\u00e1s efectivo que existe y que puede ayudar a mejorar la salud de nuestros clientes con los siguientes beneficios Rico en betacaroteno,vitamina C, vitamina [&hellip;]<\/p>\n","protected":false},"author":1,"featured_media":0,"parent":0,"menu_order":0,"comment_status":"closed","ping_status":"closed","template":"","meta":{"_uag_custom_page_level_css":"","_joinchat":[],"footnotes":""},"class_list":["post-4624","page","type-page","status-publish","hentry"],"uagb_featured_image_src":{"full":false,"thumbnail":false,"medium":false,"medium_large":false,"large":false,"1536x1536":false,"2048x2048":false,"medihealth_blog_300":false,"woocommerce_thumbnail":false,"woocommerce_single":false,"woocommerce_gallery_thumbnail":false},"uagb_author_info":{"display_name":"mabelen2007","author_link":"https:\/\/medlynat.com\/index.php\/author\/mabelen2007\/"},"uagb_comment_info":0,"uagb_excerpt":"MedlyCare combina la moringa que es la planta que ha sido elogiada por sus beneficios para la salud durante miles de a\u00f1os con la c\u00farcuma que puede ser el suplemento nutricional m\u00e1s efectivo que existe y que puede ayudar a mejorar la salud de nuestros clientes con los siguientes beneficios Rico en betacaroteno,vitamina C, vitamina&hellip;","jetpack_sharing_enabled":true,"_links":{"self":[{"href":"https:\/\/medlynat.com\/index.php\/wp-json\/wp\/v2\/pages\/4624","targetHints":{"allow":["GET"]}}],"collection":[{"href":"https:\/\/medlynat.com\/index.php\/wp-json\/wp\/v2\/pages"}],"about":[{"href":"https:\/\/medlynat.com\/index.php\/wp-json\/wp\/v2\/types\/page"}],"author":[{"embeddable":true,"href":"https:\/\/medlynat.com\/index.php\/wp-json\/wp\/v2\/users\/1"}],"replies":[{"embeddable":true,"href":"https:\/\/medlynat.com\/index.php\/wp-json\/wp\/v2\/comments?post=4624"}],"version-history":[{"count":53,"href":"https:\/\/medlynat.com\/index.php\/wp-json\/wp\/v2\/pages\/4624\/revisions"}],"predecessor-version":[{"id":5811,"href":"https:\/\/medlynat.com\/index.php\/wp-json\/wp\/v2\/pages\/4624\/revisions\/5811"}],"wp:attachment":[{"href":"https:\/\/medlynat.com\/index.php\/wp-json\/wp\/v2\/media?parent=4624"}],"curies":[{"name":"wp","href":"https:\/\/api.w.org\/{rel}","templated":true}]}}