{"id":4683,"date":"2023-10-04T18:11:16","date_gmt":"2023-10-04T16:11:16","guid":{"rendered":"https:\/\/medlynat.com\/?page_id=4683"},"modified":"2024-08-21T09:41:06","modified_gmt":"2024-08-21T14:41:06","slug":"diameta","status":"publish","type":"page","link":"https:\/\/medlynat.com\/index.php\/diameta\/","title":{"rendered":"Diameta"},"content":{"rendered":"\n<div class=\"wp-block-uagb-container uagb-block-98a432e8 alignfull uagb-is-root-container\"><div class=\"uagb-container-inner-blocks-wrap\">\n<div class=\"wp-block-uagb-container uagb-block-e1d4aba0\">\n<div class=\"wp-block-uagb-image aligncenter uagb-block-9f3fcbf4 wp-block-uagb-image--layout-default wp-block-uagb-image--effect-static wp-block-uagb-image--align-center\"><figure class=\"wp-block-uagb-image__figure\"><img decoding=\"async\" srcset=\"https:\/\/medlynat.com\/wp-content\/uploads\/2024\/07\/DIAMETA_USA.png ,https:\/\/medlynat.com\/wp-content\/uploads\/2024\/07\/DIAMETA_USA.png 780w, https:\/\/medlynat.com\/wp-content\/uploads\/2024\/07\/DIAMETA_USA.png 360w\" sizes=\"auto, (max-width: 480px) 150px\" src=\"https:\/\/medlynat.com\/wp-content\/uploads\/2024\/07\/DIAMETA_USA.png\" alt=\"\" class=\"uag-image-5800\" width=\"867\" height=\"1024\" title=\"DIAMETA_USA\" loading=\"lazy\" role=\"img\"\/><\/figure><\/div>\n<\/div>\n\n\n\n<div class=\"wp-block-uagb-container uagb-block-0addcf24\"><div class=\"wp-block-image\">\n<figure class=\"aligncenter size-full is-resized\"><img loading=\"lazy\" decoding=\"async\" width=\"457\" height=\"547\" src=\"https:\/\/medlynat.com\/wp-content\/uploads\/2024\/06\/Diameta_3.png\" alt=\"\" class=\"wp-image-5444\" style=\"width:331px;height:auto\" srcset=\"https:\/\/medlynat.com\/wp-content\/uploads\/2024\/06\/Diameta_3.png 457w, https:\/\/medlynat.com\/wp-content\/uploads\/2024\/06\/Diameta_3-251x300.png 251w, https:\/\/medlynat.com\/wp-content\/uploads\/2024\/06\/Diameta_3-188x225.png 188w\" sizes=\"auto, (max-width: 457px) 100vw, 457px\" \/><\/figure><\/div><\/div>\n\n\n\n<div class=\"wp-block-uagb-container uagb-block-fb2f658c\"><div class=\"wp-block-image\">\n<figure class=\"aligncenter size-full is-resized\"><img loading=\"lazy\" decoding=\"async\" width=\"456\" height=\"547\" src=\"https:\/\/medlynat.com\/wp-content\/uploads\/2024\/06\/Diameta_2.png\" alt=\"\" class=\"wp-image-5443\" style=\"width:334px;height:auto\" srcset=\"https:\/\/medlynat.com\/wp-content\/uploads\/2024\/06\/Diameta_2.png 456w, https:\/\/medlynat.com\/wp-content\/uploads\/2024\/06\/Diameta_2-250x300.png 250w, https:\/\/medlynat.com\/wp-content\/uploads\/2024\/06\/Diameta_2-188x225.png 188w\" sizes=\"auto, (max-width: 456px) 100vw, 456px\" \/><\/figure><\/div><\/div>\n<\/div><\/div>\n\n\n\n<h3 class=\"wp-block-heading alignfull has-text-align-center\" style=\"font-style:normal;font-weight:500\"> Diameta fue investigado y probado por nuestro propio laboratorio y demostr\u00f3 que puede ayudar a las personas con diabetes y hacer que estas personas tengan una vida m\u00e1s saludable y feliz<\/h3>\n\n\n\n<div class=\"wp-block-uagb-container uagb-block-6ef3338b alignfull uagb-is-root-container\"><div class=\"uagb-container-inner-blocks-wrap\">\n<div class=\"wp-block-uagb-container uagb-block-33d53d72\"><div class=\"wp-block-image aligncenter\">\n<figure class=\"size-full is-resized\"><img loading=\"lazy\" decoding=\"async\" width=\"512\" height=\"512\" src=\"https:\/\/medlynat.com\/wp-content\/uploads\/2023\/10\/pngwing.com-6.png\" alt=\"\" class=\"wp-image-4838\" style=\"width:102px;height:102px\" srcset=\"https:\/\/medlynat.com\/wp-content\/uploads\/2023\/10\/pngwing.com-6.png 512w, https:\/\/medlynat.com\/wp-content\/uploads\/2023\/10\/pngwing.com-6-300x300.png 300w, https:\/\/medlynat.com\/wp-content\/uploads\/2023\/10\/pngwing.com-6-150x150.png 150w, https:\/\/medlynat.com\/wp-content\/uploads\/2023\/10\/pngwing.com-6-100x100.png 100w\" sizes=\"auto, (max-width: 512px) 100vw, 512px\" \/><\/figure><\/div>\n\n\n<p class=\"has-text-align-center\">Mejora los niveles de glucosa<br> en sangre en personas <br>con diabetes tipo 2<\/p>\n<\/div>\n\n\n\n<div class=\"wp-block-uagb-container uagb-block-c539df50\"><div class=\"wp-block-image aligncenter\">\n<figure class=\"size-large is-resized\"><img loading=\"lazy\" decoding=\"async\" width=\"1024\" height=\"768\" src=\"https:\/\/medlynat.com\/wp-content\/uploads\/2023\/10\/pngwing.com-22-1024x768.png\" alt=\"\" class=\"wp-image-4841\" style=\"width:145px;height:109px\" srcset=\"https:\/\/medlynat.com\/wp-content\/uploads\/2023\/10\/pngwing.com-22-1024x768.png 1024w, https:\/\/medlynat.com\/wp-content\/uploads\/2023\/10\/pngwing.com-22-300x225.png 300w, https:\/\/medlynat.com\/wp-content\/uploads\/2023\/10\/pngwing.com-22-768x576.png 768w, https:\/\/medlynat.com\/wp-content\/uploads\/2023\/10\/pngwing.com-22-600x450.png 600w, https:\/\/medlynat.com\/wp-content\/uploads\/2023\/10\/pngwing.com-22.png 1280w\" sizes=\"auto, (max-width: 1024px) 100vw, 1024px\" \/><\/figure><\/div>\n\n\n<p class=\"has-text-align-center\">Reduce los niveles de<br>HbA1c en individuos<br>con diabetes tipo 2<\/p>\n<\/div>\n\n\n\n<div class=\"wp-block-uagb-container uagb-block-17468f42\"><div class=\"wp-block-image aligncenter\">\n<figure class=\"size-full is-resized\"><img loading=\"lazy\" decoding=\"async\" width=\"981\" height=\"762\" src=\"https:\/\/medlynat.com\/wp-content\/uploads\/2023\/10\/pngwing.com-23.png\" alt=\"\" class=\"wp-image-4843\" style=\"width:113px;height:88px\" srcset=\"https:\/\/medlynat.com\/wp-content\/uploads\/2023\/10\/pngwing.com-23.png 981w, https:\/\/medlynat.com\/wp-content\/uploads\/2023\/10\/pngwing.com-23-300x233.png 300w, https:\/\/medlynat.com\/wp-content\/uploads\/2023\/10\/pngwing.com-23-768x597.png 768w, https:\/\/medlynat.com\/wp-content\/uploads\/2023\/10\/pngwing.com-23-600x466.png 600w\" sizes=\"auto, (max-width: 981px) 100vw, 981px\" \/><\/figure><\/div>\n\n\n<p class=\"has-text-align-center\">Mejora el metabolismo <br>de los l\u00edpidos y los niveles<br>de colesterol<\/p>\n<\/div>\n\n\n\n<div class=\"wp-block-uagb-container uagb-block-028ec6b6\"><div class=\"wp-block-image aligncenter\">\n<figure class=\"size-full is-resized\"><img loading=\"lazy\" decoding=\"async\" width=\"600\" height=\"466\" src=\"https:\/\/medlynat.com\/wp-content\/uploads\/2023\/10\/pngwing.com-24.png\" alt=\"\" class=\"wp-image-4846\" style=\"width:128px;height:99px\" srcset=\"https:\/\/medlynat.com\/wp-content\/uploads\/2023\/10\/pngwing.com-24.png 600w, https:\/\/medlynat.com\/wp-content\/uploads\/2023\/10\/pngwing.com-24-300x233.png 300w\" sizes=\"auto, (max-width: 600px) 100vw, 600px\" \/><\/figure><\/div>\n\n\n<p class=\"has-text-align-center\">Mejora problemas digestivos <br>como indigesti\u00f3n, estre\u00f1imiento <br>y n\u00e1useas.<\/p>\n<\/div>\n\n\n\n<div class=\"wp-block-uagb-container uagb-block-0c26f068\"><div class=\"wp-block-image aligncenter\">\n<figure class=\"size-large is-resized\"><img loading=\"lazy\" decoding=\"async\" width=\"934\" height=\"1024\" src=\"https:\/\/medlynat.com\/wp-content\/uploads\/2023\/10\/pngwing.com-25-934x1024.png\" alt=\"\" class=\"wp-image-4847\" style=\"width:88px;height:97px\" srcset=\"https:\/\/medlynat.com\/wp-content\/uploads\/2023\/10\/pngwing.com-25-934x1024.png 934w, https:\/\/medlynat.com\/wp-content\/uploads\/2023\/10\/pngwing.com-25-274x300.png 274w, https:\/\/medlynat.com\/wp-content\/uploads\/2023\/10\/pngwing.com-25-768x842.png 768w, https:\/\/medlynat.com\/wp-content\/uploads\/2023\/10\/pngwing.com-25-600x658.png 600w, https:\/\/medlynat.com\/wp-content\/uploads\/2023\/10\/pngwing.com-25.png 1167w\" sizes=\"auto, (max-width: 934px) 100vw, 934px\" \/><\/figure><\/div>\n\n\n<p class=\"has-text-align-center\">Apoya la funci\u00f3n hep\u00e1tica, <br>controla el apetito y ayuda <br>a controlar el peso<\/p>\n<\/div>\n<\/div><\/div>\n\n\n\n<hr class=\"wp-block-separator has-alpha-channel-opacity is-style-dots\"\/>\n\n\n\n<div class=\"wp-block-uagb-container uagb-block-60f22a64 alignfull uagb-is-root-container\"><div class=\"uagb-container-inner-blocks-wrap\">\n<div class=\"wp-block-uagb-container uagb-block-bd4d66d6\">\n<div class=\"wp-block-uagb-image aligncenter uagb-block-ff97e067 wp-block-uagb-image--layout-default wp-block-uagb-image--effect-static wp-block-uagb-image--align-center\"><figure class=\"wp-block-uagb-image__figure\"><img decoding=\"async\" srcset=\"https:\/\/medlynat.com\/wp-content\/uploads\/2023\/10\/pngwing.com-15-478x1024.png ,https:\/\/medlynat.com\/wp-content\/uploads\/2023\/10\/pngwing.com-15.png 780w, https:\/\/medlynat.com\/wp-content\/uploads\/2023\/10\/pngwing.com-15.png 360w\" sizes=\"auto, (max-width: 480px) 150px\" src=\"https:\/\/medlynat.com\/wp-content\/uploads\/2023\/10\/pngwing.com-15-478x1024.png\" alt=\"\" class=\"uag-image-4808\" width=\"60\" height=\"127\" title=\"pngwing.com-15\" loading=\"lazy\" role=\"img\"\/><\/figure><\/div>\n\n\n\n<p class=\"has-text-align-center\">NON-GMO<\/p>\n<\/div>\n\n\n\n<div class=\"wp-block-uagb-container uagb-block-fb8c7d35\">\n<div class=\"wp-block-uagb-image uagb-block-4b2d116a wp-block-uagb-image--layout-default wp-block-uagb-image--effect-static wp-block-uagb-image--align-none\"><figure class=\"wp-block-uagb-image__figure\"><img decoding=\"async\" srcset=\"https:\/\/medlynat.com\/wp-content\/uploads\/2023\/10\/pngwing.com-16.png ,https:\/\/medlynat.com\/wp-content\/uploads\/2023\/10\/pngwing.com-16.png 780w, https:\/\/medlynat.com\/wp-content\/uploads\/2023\/10\/pngwing.com-16.png 360w\" sizes=\"auto, (max-width: 480px) 150px\" src=\"https:\/\/medlynat.com\/wp-content\/uploads\/2023\/10\/pngwing.com-16.png\" alt=\"\" class=\"uag-image-4809\" width=\"66\" height=\"66\" title=\"pngwing.com-16\" loading=\"lazy\" role=\"img\"\/><\/figure><\/div>\n\n\n\n<p class=\"has-text-align-center\">FABRICADO EN UNA INSTALACI\u00d3N REGISTRADA EN LA U.S F.D.A<\/p>\n<\/div>\n\n\n\n<div class=\"wp-block-uagb-container uagb-block-252e6191\">\n<div class=\"wp-block-uagb-image aligncenter uagb-block-884e5482 wp-block-uagb-image--layout-default wp-block-uagb-image--effect-static wp-block-uagb-image--align-center\"><figure class=\"wp-block-uagb-image__figure\"><img decoding=\"async\" srcset=\"https:\/\/medlynat.com\/wp-content\/uploads\/2023\/10\/pngwing.com-19.png ,https:\/\/medlynat.com\/wp-content\/uploads\/2023\/10\/pngwing.com-19.png 780w, https:\/\/medlynat.com\/wp-content\/uploads\/2023\/10\/pngwing.com-19.png 360w\" sizes=\"auto, (max-width: 480px) 150px\" src=\"https:\/\/medlynat.com\/wp-content\/uploads\/2023\/10\/pngwing.com-19.png\" alt=\"\" class=\"uag-image-4810\" width=\"77\" height=\"77\" title=\"pngwing.com-19\" loading=\"lazy\" role=\"img\"\/><\/figure><\/div>\n\n\n\n<p class=\"has-text-align-center\">ISO 9001<br>CERTIFICADO<\/p>\n<\/div>\n\n\n\n<div class=\"wp-block-uagb-container uagb-block-f4eaf840\">\n<div class=\"wp-block-uagb-image uagb-block-8245149c wp-block-uagb-image--layout-default wp-block-uagb-image--effect-static wp-block-uagb-image--align-none\"><figure class=\"wp-block-uagb-image__figure\"><img decoding=\"async\" srcset=\"https:\/\/medlynat.com\/wp-content\/uploads\/2023\/10\/pngwing.com-20.png ,https:\/\/medlynat.com\/wp-content\/uploads\/2023\/10\/pngwing.com-20.png 780w, https:\/\/medlynat.com\/wp-content\/uploads\/2023\/10\/pngwing.com-20.png 360w\" sizes=\"auto, (max-width: 480px) 150px\" src=\"https:\/\/medlynat.com\/wp-content\/uploads\/2023\/10\/pngwing.com-20.png\" alt=\"\" class=\"uag-image-4811\" width=\"84\" height=\"84\" title=\"pngwing.com-20\" loading=\"lazy\" role=\"img\"\/><\/figure><\/div>\n\n\n\n<p class=\"has-text-align-center\">GMP<br>CERTIFICADO<\/p>\n<\/div>\n\n\n\n<div class=\"wp-block-uagb-container uagb-block-45e57339\">\n<div class=\"wp-block-uagb-image uagb-block-0931154c wp-block-uagb-image--layout-default wp-block-uagb-image--effect-static wp-block-uagb-image--align-none\"><figure class=\"wp-block-uagb-image__figure\"><img decoding=\"async\" srcset=\"https:\/\/medlynat.com\/wp-content\/uploads\/2023\/10\/pngwing.com-21.png ,https:\/\/medlynat.com\/wp-content\/uploads\/2023\/10\/pngwing.com-21.png 780w, https:\/\/medlynat.com\/wp-content\/uploads\/2023\/10\/pngwing.com-21.png 360w\" sizes=\"auto, (max-width: 480px) 150px\" src=\"https:\/\/medlynat.com\/wp-content\/uploads\/2023\/10\/pngwing.com-21.png\" alt=\"\" class=\"uag-image-4812\" width=\"86\" height=\"86\" title=\"pngwing.com-21\" loading=\"lazy\" role=\"img\"\/><\/figure><\/div>\n\n\n\n<p class=\"has-text-align-center\">1 BOTELLA MEDLYCARE CONTIENE 1 MES DE SUMINISTRO<\/p>\n<\/div>\n<\/div><\/div>\n   ","protected":false},"excerpt":{"rendered":"<p>Diameta fue investigado y probado por nuestro propio laboratorio y demostr\u00f3 que puede ayudar a las personas con diabetes y hacer que estas personas tengan una vida m\u00e1s saludable y feliz Mejora los niveles de glucosa en sangre en personas con diabetes tipo 2 Reduce los niveles deHbA1c en individuoscon diabetes tipo 2 Mejora el [&hellip;]<\/p>\n","protected":false},"author":1,"featured_media":0,"parent":0,"menu_order":0,"comment_status":"closed","ping_status":"closed","template":"","meta":{"_uag_custom_page_level_css":"","_joinchat":[],"footnotes":""},"class_list":["post-4683","page","type-page","status-publish","hentry"],"uagb_featured_image_src":{"full":false,"thumbnail":false,"medium":false,"medium_large":false,"large":false,"1536x1536":false,"2048x2048":false,"medihealth_blog_300":false,"woocommerce_thumbnail":false,"woocommerce_single":false,"woocommerce_gallery_thumbnail":false},"uagb_author_info":{"display_name":"mabelen2007","author_link":"https:\/\/medlynat.com\/index.php\/author\/mabelen2007\/"},"uagb_comment_info":0,"uagb_excerpt":"Diameta fue investigado y probado por nuestro propio laboratorio y demostr\u00f3 que puede ayudar a las personas con diabetes y hacer que estas personas tengan una vida m\u00e1s saludable y feliz Mejora los niveles de glucosa en sangre en personas con diabetes tipo 2 Reduce los niveles deHbA1c en individuoscon diabetes tipo 2 Mejora el&hellip;","jetpack_sharing_enabled":true,"_links":{"self":[{"href":"https:\/\/medlynat.com\/index.php\/wp-json\/wp\/v2\/pages\/4683","targetHints":{"allow":["GET"]}}],"collection":[{"href":"https:\/\/medlynat.com\/index.php\/wp-json\/wp\/v2\/pages"}],"about":[{"href":"https:\/\/medlynat.com\/index.php\/wp-json\/wp\/v2\/types\/page"}],"author":[{"embeddable":true,"href":"https:\/\/medlynat.com\/index.php\/wp-json\/wp\/v2\/users\/1"}],"replies":[{"embeddable":true,"href":"https:\/\/medlynat.com\/index.php\/wp-json\/wp\/v2\/comments?post=4683"}],"version-history":[{"count":35,"href":"https:\/\/medlynat.com\/index.php\/wp-json\/wp\/v2\/pages\/4683\/revisions"}],"predecessor-version":[{"id":5806,"href":"https:\/\/medlynat.com\/index.php\/wp-json\/wp\/v2\/pages\/4683\/revisions\/5806"}],"wp:attachment":[{"href":"https:\/\/medlynat.com\/index.php\/wp-json\/wp\/v2\/media?parent=4683"}],"curies":[{"name":"wp","href":"https:\/\/api.w.org\/{rel}","templated":true}]}}