{"id":5097,"date":"2024-06-13T10:33:30","date_gmt":"2024-06-13T15:33:30","guid":{"rendered":"https:\/\/medlynat.com\/?page_id=5097"},"modified":"2024-08-02T12:54:01","modified_gmt":"2024-08-02T17:54:01","slug":"contacto","status":"publish","type":"page","link":"https:\/\/medlynat.com\/index.php\/contacto\/","title":{"rendered":"CONTACTO"},"content":{"rendered":"\n<div class=\"wp-block-columns is-layout-flex wp-container-core-columns-is-layout-1 wp-block-columns-is-layout-flex\">\n<div class=\"wp-block-column is-layout-flow wp-block-column-is-layout-flow\">\n<figure class=\"wp-block-image size-full is-resized\"><img loading=\"lazy\" decoding=\"async\" width=\"64\" height=\"64\" src=\"https:\/\/medlynat.com\/wp-content\/uploads\/2020\/09\/certified.png\" alt=\"\" class=\"wp-image-3653\" style=\"width:38px;height:auto\"\/><\/figure>\n<\/div>\n\n\n\n<div class=\"wp-block-column is-vertically-aligned-top is-layout-flow wp-block-column-is-layout-flow\">\n<div class=\"wp-block-group\"><div class=\"wp-block-group__inner-container is-layout-constrained wp-block-group-is-layout-constrained\">\n<figure class=\"wp-block-image size-full is-resized\"><img loading=\"lazy\" decoding=\"async\" width=\"64\" height=\"64\" src=\"https:\/\/medlynat.com\/wp-content\/uploads\/2020\/09\/address.png\" alt=\"\" class=\"wp-image-3856\" style=\"width:38px;height:auto\"\/><\/figure>\n\n\n\n<p class=\"has-text-align-left\"><strong>Ubicaci\u00f3n:<\/strong> Isauro Rodr\u00edguez y Daniel Fernandez de C\u00f3rdova <\/p>\n\n\n\n<figure class=\"wp-block-image size-full is-resized\"><img loading=\"lazy\" decoding=\"async\" width=\"64\" height=\"64\" src=\"https:\/\/medlynat.com\/wp-content\/uploads\/2020\/09\/phone.png\" alt=\"\" class=\"wp-image-3847\" style=\"width:38px;height:auto\"\/><\/figure>\n\n\n\n<p class=\"has-text-align-left\"><strong>M\u00f3vil:<\/strong> +593 99 310 3996<\/p>\n\n\n\n<figure class=\"wp-block-image size-full is-resized\"><img loading=\"lazy\" decoding=\"async\" width=\"64\" height=\"48\" src=\"https:\/\/medlynat.com\/wp-content\/uploads\/2020\/09\/mail-us.png\" alt=\"\" class=\"wp-image-3853\" style=\"width:39px;height:auto\"\/><\/figure>\n\n\n\n<p class=\"has-text-align-left\"><strong>Email:<\/strong> <a href=\"mailto:http:\/\/contacto@medlynat.com\">contacto@medlynat.com<\/a><\/p>\n<\/div><\/div>\n<\/div>\n<\/div>\n   ","protected":false},"excerpt":{"rendered":"<p>Ubicaci\u00f3n: Isauro Rodr\u00edguez y Daniel Fernandez de C\u00f3rdova M\u00f3vil: +593 99 310 3996 Email: contacto@medlynat.com<\/p>\n","protected":false},"author":1,"featured_media":0,"parent":0,"menu_order":0,"comment_status":"closed","ping_status":"closed","template":"","meta":{"_uag_custom_page_level_css":"","_joinchat":[],"footnotes":""},"class_list":["post-5097","page","type-page","status-publish","hentry"],"uagb_featured_image_src":{"full":false,"thumbnail":false,"medium":false,"medium_large":false,"large":false,"1536x1536":false,"2048x2048":false,"medihealth_blog_300":false,"woocommerce_thumbnail":false,"woocommerce_single":false,"woocommerce_gallery_thumbnail":false},"uagb_author_info":{"display_name":"mabelen2007","author_link":"https:\/\/medlynat.com\/index.php\/author\/mabelen2007\/"},"uagb_comment_info":0,"uagb_excerpt":"Ubicaci\u00f3n: Isauro Rodr\u00edguez y Daniel Fernandez de C\u00f3rdova M\u00f3vil: +593 99 310 3996 Email: contacto@medlynat.com","jetpack_sharing_enabled":true,"_links":{"self":[{"href":"https:\/\/medlynat.com\/index.php\/wp-json\/wp\/v2\/pages\/5097","targetHints":{"allow":["GET"]}}],"collection":[{"href":"https:\/\/medlynat.com\/index.php\/wp-json\/wp\/v2\/pages"}],"about":[{"href":"https:\/\/medlynat.com\/index.php\/wp-json\/wp\/v2\/types\/page"}],"author":[{"embeddable":true,"href":"https:\/\/medlynat.com\/index.php\/wp-json\/wp\/v2\/users\/1"}],"replies":[{"embeddable":true,"href":"https:\/\/medlynat.com\/index.php\/wp-json\/wp\/v2\/comments?post=5097"}],"version-history":[{"count":6,"href":"https:\/\/medlynat.com\/index.php\/wp-json\/wp\/v2\/pages\/5097\/revisions"}],"predecessor-version":[{"id":5959,"href":"https:\/\/medlynat.com\/index.php\/wp-json\/wp\/v2\/pages\/5097\/revisions\/5959"}],"wp:attachment":[{"href":"https:\/\/medlynat.com\/index.php\/wp-json\/wp\/v2\/media?parent=5097"}],"curies":[{"name":"wp","href":"https:\/\/api.w.org\/{rel}","templated":true}]}}