{"id":5119,"date":"2024-06-14T08:28:12","date_gmt":"2024-06-14T13:28:12","guid":{"rendered":"https:\/\/medlynat.com\/?page_id=5119"},"modified":"2026-01-19T10:35:14","modified_gmt":"2026-01-19T15:35:14","slug":"quienes-somos","status":"publish","type":"page","link":"https:\/\/medlynat.com\/index.php\/quienes-somos\/","title":{"rendered":"QUIENES SOMOS"},"content":{"rendered":"<section class=\"medly-about\">\n<div class=\"medly-about-inner\">\n<div>\n<h2>Comprometidos con tu bienestar<\/h2>\n<p class=\"lead\">\n        Medly Nature es una empresa ecuatoriana dedicada a la importaci\u00f3n y distribuci\u00f3n<br \/>\n        de productos para el cuidado de la salud, nutrici\u00f3n y suplementaci\u00f3n, desarrollados<br \/>\n        por MedlyCare, corporaci\u00f3n estadounidense con presencia internacional.\n      <\/p>\n<p>\n        Nuestro compromiso es poner productos de alta calidad al alcance de m\u00e1s personas,<br \/>\n        manteniendo precios responsables y promoviendo una vida m\u00e1s saludable.\n      <\/p>\n<p class=\"highlight\">\n        La salud no debe postergarse. Invertir en bienestar hoy es asegurar calidad de vida ma\u00f1ana.\n      <\/p>\n<\/p><\/div>\n<div class=\"medly-image\">\n      <img decoding=\"async\" src=\"https:\/\/medlynat.com\/wp-content\/uploads\/2024\/06\/medly-nature.png\" alt=\"Medly Nature\">\n    <\/div>\n<\/p><\/div>\n<\/section>\n   ","protected":false},"excerpt":{"rendered":"<p>Comprometidos con tu bienestar Medly Nature es una empresa ecuatoriana dedicada a la importaci\u00f3n y distribuci\u00f3n de productos para el cuidado de la salud, nutrici\u00f3n y suplementaci\u00f3n, desarrollados por MedlyCare, corporaci\u00f3n estadounidense con presencia internacional. Nuestro compromiso es poner productos de alta calidad al alcance de m\u00e1s personas, manteniendo precios responsables y promoviendo una vida [&hellip;]<\/p>\n","protected":false},"author":1,"featured_media":0,"parent":0,"menu_order":0,"comment_status":"closed","ping_status":"closed","template":"","meta":{"_uag_custom_page_level_css":"","_joinchat":[],"footnotes":""},"class_list":["post-5119","page","type-page","status-publish","hentry"],"uagb_featured_image_src":{"full":false,"thumbnail":false,"medium":false,"medium_large":false,"large":false,"1536x1536":false,"2048x2048":false,"medihealth_blog_300":false,"woocommerce_thumbnail":false,"woocommerce_single":false,"woocommerce_gallery_thumbnail":false},"uagb_author_info":{"display_name":"mabelen2007","author_link":"https:\/\/medlynat.com\/index.php\/author\/mabelen2007\/"},"uagb_comment_info":0,"uagb_excerpt":"Comprometidos con tu bienestar Medly Nature es una empresa ecuatoriana dedicada a la importaci\u00f3n y distribuci\u00f3n de productos para el cuidado de la salud, nutrici\u00f3n y suplementaci\u00f3n, desarrollados por MedlyCare, corporaci\u00f3n estadounidense con presencia internacional. Nuestro compromiso es poner productos de alta calidad al alcance de m\u00e1s personas, manteniendo precios responsables y promoviendo una vida&hellip;","jetpack_sharing_enabled":true,"_links":{"self":[{"href":"https:\/\/medlynat.com\/index.php\/wp-json\/wp\/v2\/pages\/5119","targetHints":{"allow":["GET"]}}],"collection":[{"href":"https:\/\/medlynat.com\/index.php\/wp-json\/wp\/v2\/pages"}],"about":[{"href":"https:\/\/medlynat.com\/index.php\/wp-json\/wp\/v2\/types\/page"}],"author":[{"embeddable":true,"href":"https:\/\/medlynat.com\/index.php\/wp-json\/wp\/v2\/users\/1"}],"replies":[{"embeddable":true,"href":"https:\/\/medlynat.com\/index.php\/wp-json\/wp\/v2\/comments?post=5119"}],"version-history":[{"count":18,"href":"https:\/\/medlynat.com\/index.php\/wp-json\/wp\/v2\/pages\/5119\/revisions"}],"predecessor-version":[{"id":6007,"href":"https:\/\/medlynat.com\/index.php\/wp-json\/wp\/v2\/pages\/5119\/revisions\/6007"}],"wp:attachment":[{"href":"https:\/\/medlynat.com\/index.php\/wp-json\/wp\/v2\/media?parent=5119"}],"curies":[{"name":"wp","href":"https:\/\/api.w.org\/{rel}","templated":true}]}}