{"id":3675,"date":"2020-09-09T07:23:25","date_gmt":"2020-09-09T05:23:25","guid":{"rendered":"https:\/\/medlynat.com\/index.php\/producto\/assorted-coffee\/"},"modified":"2025-04-05T21:10:24","modified_gmt":"2025-04-06T02:10:24","slug":"diameta","status":"publish","type":"product","link":"https:\/\/medlynat.com\/index.php\/producto\/diameta\/","title":{"rendered":"DIAMETA"},"content":{"rendered":"<ul>\n<li>Mejora los niveles de glucosa en sangre en personas con diabetes tipo 2<\/li>\n<li>Reduce los niveles de HbA1c en individuos con diabetes tipo 2<\/li>\n<li>Mejora el metabolismo de los l\u00edpidos y los niveles de colesterol<\/li>\n<li>Mejora problemas digestivos como indigesti\u00f3n, estre\u00f1imiento y n\u00e1useas<\/li>\n<li>Apoya la funci\u00f3n hep\u00e1tica, controla el apetito y ayuda a controlar el peso<\/li>\n<\/ul>\n<p>&nbsp;<\/p>\n<p><strong>FORMA FARMACEUTICA<\/strong><\/p>\n<p>Capsula<\/p>\n<p><img loading=\"lazy\" decoding=\"async\" class=\"size-medium wp-image-5800 alignleft\" src=\"https:\/\/medlynat.com\/wp-content\/uploads\/2024\/07\/DIAMETA_USA-240x300.png\" alt=\"\" width=\"240\" height=\"300\" srcset=\"https:\/\/medlynat.com\/wp-content\/uploads\/2024\/07\/DIAMETA_USA-240x300.png 240w, https:\/\/medlynat.com\/wp-content\/uploads\/2024\/07\/DIAMETA_USA-768x960.png 768w, https:\/\/medlynat.com\/wp-content\/uploads\/2024\/07\/DIAMETA_USA-180x225.png 180w, https:\/\/medlynat.com\/wp-content\/uploads\/2024\/07\/DIAMETA_USA-600x750.png 600w, https:\/\/medlynat.com\/wp-content\/uploads\/2024\/07\/DIAMETA_USA.png 800w\" sizes=\"auto, (max-width: 240px) 100vw, 240px\" \/><\/p>\n<h5>COMPOSICI\u00d3N:<\/h5>\n<p>Cada botella contiene: 60 capsulas de m\u00e1xima concentraci\u00f3n<\/p>\n<p>Tama\u00f1o de la porci\u00f3n: 1 capsula<\/p>\n<p>Polvo de Berberis Vulgaris (Hidroclorhidrato de berberina) 250mg y Extracto de Ra\u00edz de Picrorhiza (Picrorhiza kurrooa) 100mg.<\/p>\n<p>Valor diario no establecido.<\/p>\n<p><strong>Excipientes:<\/strong> DiCalciumPhosphateanhydrous, Colloidal silicon dioxede, Talc, MagnesiumStearate, CapsuleShell<\/p>\n<h5><\/h5>\n<h5>MODO DE ACCI\u00d3N:<\/h5>\n<p>Diameta mejora los niveles de glucosa en sangre en personas con diabetes tipo 2.<\/p>\n<p>Diameta reduce los niveles de HbA1c en individuos con diabetes tipo 2.<\/p>\n<p>Diameta mejora el metabolismo de los l\u00edpidos y los niveles de colesterol.<\/p>\n<p>Diameta mejora problemas digestivos como estre\u00f1imiento, indigesti\u00f3n y n\u00e1useas.<\/p>\n<p>Diameta apoya la funci\u00f3n hep\u00e1tica, controla el apetito y ayuda a controlar el peso.<\/p>\n<h5>INDICACIONES TERAP\u00c9UTICAS<\/h5>\n<p>Tome (V\u00cdA DE ADMINISTRACI\u00d3N ORAL) 2 capsulas al d\u00eda con cualquier comida para obtener mejores resultados o seg\u00fan lo recomendado por su m\u00e9dico.<\/p>\n<h5>PRECAUCI\u00d3N<\/h5>\n<p>Antes de utilizar este producto consulte con su m\u00e9dico si est\u00e1 embarazada, en periodo de lactancia, le han diagnosticado afecciones medicas o se someti\u00f3 recientemente a alg\u00fan procedimiento m\u00e9dico. Si usted est\u00e1 tomando alg\u00fan medicamento, consulte con su medico antes de ingerir este producto.<\/p>\n<h5>FORMA DE ADMINISTRACI\u00d3N:<\/h5>\n<p>V\u00eda de administraci\u00f3n oral<\/p>\n   ","protected":false},"excerpt":{"rendered":"<p>Diameta fue investigado y probado por nuestro propio laboratorio y demostr\u00f3 que puede ayudar a las personas con diabetes y hacer que estas personas tengan una vida m\u00e1s saludable y feliz.<\/p>\n","protected":false},"featured_media":5800,"comment_status":"open","ping_status":"closed","template":"","meta":{"_uag_custom_page_level_css":"","_joinchat":[]},"product_brand":[],"product_cat":[26],"product_tag":[],"class_list":{"0":"post-3675","1":"product","2":"type-product","3":"status-publish","4":"has-post-thumbnail","6":"product_cat-medlynat","8":"first","9":"instock","10":"featured","11":"purchasable","12":"product-type-simple"},"uagb_featured_image_src":{"full":["https:\/\/medlynat.com\/wp-content\/uploads\/2024\/07\/DIAMETA_USA.png",800,1000,false],"thumbnail":["https:\/\/medlynat.com\/wp-content\/uploads\/2024\/07\/DIAMETA_USA-150x150.png",150,150,true],"medium":["https:\/\/medlynat.com\/wp-content\/uploads\/2024\/07\/DIAMETA_USA-240x300.png",240,300,true],"medium_large":["https:\/\/medlynat.com\/wp-content\/uploads\/2024\/07\/DIAMETA_USA-768x960.png",768,960,true],"large":["https:\/\/medlynat.com\/wp-content\/uploads\/2024\/07\/DIAMETA_USA.png",800,1000,false],"1536x1536":["https:\/\/medlynat.com\/wp-content\/uploads\/2024\/07\/DIAMETA_USA.png",800,1000,false],"2048x2048":["https:\/\/medlynat.com\/wp-content\/uploads\/2024\/07\/DIAMETA_USA.png",800,1000,false],"medihealth_blog_300":["https:\/\/medlynat.com\/wp-content\/uploads\/2024\/07\/DIAMETA_USA-180x225.png",180,225,true],"woocommerce_thumbnail":["https:\/\/medlynat.com\/wp-content\/uploads\/2024\/07\/DIAMETA_USA-300x300.png",300,300,true],"woocommerce_single":["https:\/\/medlynat.com\/wp-content\/uploads\/2024\/07\/DIAMETA_USA-600x750.png",600,750,true],"woocommerce_gallery_thumbnail":["https:\/\/medlynat.com\/wp-content\/uploads\/2024\/07\/DIAMETA_USA-100x100.png",100,100,true]},"uagb_author_info":{"display_name":"mabelen2007","author_link":"https:\/\/medlynat.com\/index.php\/author\/"},"uagb_comment_info":5,"uagb_excerpt":"Diameta fue investigado y probado por nuestro propio laboratorio y demostr\u00f3 que puede ayudar a las personas con diabetes y hacer que estas personas tengan una vida m\u00e1s saludable y feliz.","jetpack_sharing_enabled":true,"_links":{"self":[{"href":"https:\/\/medlynat.com\/index.php\/wp-json\/wp\/v2\/product\/3675","targetHints":{"allow":["GET"]}}],"collection":[{"href":"https:\/\/medlynat.com\/index.php\/wp-json\/wp\/v2\/product"}],"about":[{"href":"https:\/\/medlynat.com\/index.php\/wp-json\/wp\/v2\/types\/product"}],"replies":[{"embeddable":true,"href":"https:\/\/medlynat.com\/index.php\/wp-json\/wp\/v2\/comments?post=3675"}],"wp:featuredmedia":[{"embeddable":true,"href":"https:\/\/medlynat.com\/index.php\/wp-json\/wp\/v2\/media\/5800"}],"wp:attachment":[{"href":"https:\/\/medlynat.com\/index.php\/wp-json\/wp\/v2\/media?parent=3675"}],"wp:term":[{"taxonomy":"product_brand","embeddable":true,"href":"https:\/\/medlynat.com\/index.php\/wp-json\/wp\/v2\/product_brand?post=3675"},{"taxonomy":"product_cat","embeddable":true,"href":"https:\/\/medlynat.com\/index.php\/wp-json\/wp\/v2\/product_cat?post=3675"},{"taxonomy":"product_tag","embeddable":true,"href":"https:\/\/medlynat.com\/index.php\/wp-json\/wp\/v2\/product_tag?post=3675"}],"curies":[{"name":"wp","href":"https:\/\/api.w.org\/{rel}","templated":true}]}}