{"id":3679,"date":"2020-09-09T07:23:25","date_gmt":"2020-09-09T05:23:25","guid":{"rendered":"https:\/\/medlynat.com\/index.php\/producto\/hand-sanitizer\/"},"modified":"2025-02-20T16:50:55","modified_gmt":"2025-02-20T21:50:55","slug":"orphia","status":"publish","type":"product","link":"https:\/\/medlynat.com\/index.php\/producto\/orphia\/","title":{"rendered":"ORPHIA"},"content":{"rendered":"<p>Podr\u00eda mejorar la\u00a0 libido y el deseo sexual<\/p>\n<p>Podr\u00eda mejorar la motilidad y concentraci\u00f3n de los espermatozoides, aumentando la fertilidad masculina<\/p>\n<p>Podr\u00eda aumentar el rendimiento deportivo, aumentar la masa muscular y\u00a0 ayudar a quemar grasa corporal<\/p>\n<p>Podr\u00eda reducir las hormonas del estr\u00e9s y la ansiedad en su cuerpo y mejorar su estado de \u00e1nimo.<\/p>\n<p>Podr\u00eda aumentar los\u00a0 niveles de testosterona<\/p>\n<p><strong>FORMA FARMACEUTICA<\/strong><br \/>\n<strong>Capsula<\/strong><\/p>\n<p><img loading=\"lazy\" decoding=\"async\" class=\"alignnone wp-image-5990 size-medium\" src=\"https:\/\/medlynat.com\/wp-content\/uploads\/2025\/02\/WhatsApp-Image-2025-02-20-at-16.46.26-208x300.jpeg\" alt=\"\" width=\"208\" height=\"300\" srcset=\"https:\/\/medlynat.com\/wp-content\/uploads\/2025\/02\/WhatsApp-Image-2025-02-20-at-16.46.26-208x300.jpeg 208w, https:\/\/medlynat.com\/wp-content\/uploads\/2025\/02\/WhatsApp-Image-2025-02-20-at-16.46.26-156x225.jpeg 156w, https:\/\/medlynat.com\/wp-content\/uploads\/2025\/02\/WhatsApp-Image-2025-02-20-at-16.46.26.jpeg 530w\" sizes=\"auto, (max-width: 208px) 100vw, 208px\" \/><!--more--><\/p>\n<p><strong>COMPOSICI\u00d3N:<\/strong><\/p>\n<p>Cada botella contiene: 60 capsulas de m\u00e1xima concentraci\u00f3n.<br \/>\nTama\u00f1o de la porci\u00f3n: 1 capsula.<br \/>\nExtracto de Raiz Ashwaganndha (Withania somn\u00edfera) (10:1) 550mg<br \/>\nExtracto de Horny Goat Weed (Epimedium alpinum (L) Sibth. &amp; Sm.) (10:1) 550mg<br \/>\nExtracto de Maca (Lepidium meyenii) (5:1) 300mg<br \/>\nPolvo de ra\u00edz de Tongkat ali (Eurycoma longifolia)100mg<br \/>\nExtracto al 40% de tribulus terrestris 100mg<br \/>\nL-Argenina 500mg<br \/>\nPolvo de ra\u00edz de Muira puama (Ptychopetalum olacoides) 20mg<br \/>\nValor diario no establecido<\/p>\n<p><strong>Excipientes:<\/strong> Di Calcium Phosphate Anhydrous, Purified Taic, Colloidal Silicon dioxide, Magnesium Stearate, Capsule Shell.<\/p>\n<p><strong>MODO DE ACCI\u00d3N:<\/strong><br \/>\nOrphia aumentar los niveles de testosterona<br \/>\nOrphia reduce las hormonas del estr\u00e9s y la ansiedad en su cuerpo y mejora su estado de \u00e1nimo.<br \/>\nOrphia aumenta el rendimiento deportivo, aumenta la masa muscular y ayuda a quemar grasa corporal.<br \/>\nOrphia puede mejorar la movilidad y concentraci\u00f3n de los espermatozoides.<\/p>\n<p><strong>INDICACIONES TERAP\u00c9UTICAS<\/strong><br \/>\nTome <strong>(V\u00cdA DE ADMINISTRACI\u00d3N ORAL)<\/strong> 2 capsulas al d\u00eda con cualquier comida para obtener mejores resultados o seg\u00fan lo recomendado por su m\u00e9dico.<\/p>\n<p><strong>PRECAUCI\u00d3N<\/strong><br \/>\nAntes de utilizar este producto consulte con su m\u00e9dico si est\u00e1 embarazada, en periodo de lactancia, le han diagnosticado afecciones medicas o se someti\u00f3 recientemente a alg\u00fan procedimiento m\u00e9dico. Si usted est\u00e1 tomando alg\u00fan medicamento, consulte con su m\u00e9dico antes de ingerir este producto.<br \/>\n<strong>FORMA DE ADMINISTRACI\u00d3N:<\/strong><br \/>\nV\u00eda de administraci\u00f3n oral<\/p>\n   ","protected":false},"excerpt":{"rendered":"<p>Orphia es una combinaci\u00f3n de ingredientes naturales que se<br \/>\nencuentran en diferentes pa\u00edses y se combinan para restaurar la<br \/>\nvitalidad, la confianza, el rendimiento y la energ\u00eda del hombre.<\/p>\n","protected":false},"featured_media":5864,"comment_status":"open","ping_status":"closed","template":"","meta":{"_uag_custom_page_level_css":"","_joinchat":[]},"product_brand":[],"product_cat":[26],"product_tag":[],"class_list":{"0":"post-3679","1":"product","2":"type-product","3":"status-publish","4":"has-post-thumbnail","6":"product_cat-medlynat","8":"first","9":"instock","10":"featured","11":"purchasable","12":"product-type-simple"},"uagb_featured_image_src":{"full":["https:\/\/medlynat.com\/wp-content\/uploads\/2024\/07\/orphia111.png",1800,2365,false],"thumbnail":["https:\/\/medlynat.com\/wp-content\/uploads\/2024\/07\/orphia111-150x150.png",150,150,true],"medium":["https:\/\/medlynat.com\/wp-content\/uploads\/2024\/07\/orphia111-228x300.png",228,300,true],"medium_large":["https:\/\/medlynat.com\/wp-content\/uploads\/2024\/07\/orphia111-768x1009.png",768,1009,true],"large":["https:\/\/medlynat.com\/wp-content\/uploads\/2024\/07\/orphia111-779x1024.png",779,1024,true],"1536x1536":["https:\/\/medlynat.com\/wp-content\/uploads\/2024\/07\/orphia111-1169x1536.png",1169,1536,true],"2048x2048":["https:\/\/medlynat.com\/wp-content\/uploads\/2024\/07\/orphia111-1559x2048.png",1559,2048,true],"medihealth_blog_300":["https:\/\/medlynat.com\/wp-content\/uploads\/2024\/07\/orphia111-171x225.png",171,225,true],"woocommerce_thumbnail":["https:\/\/medlynat.com\/wp-content\/uploads\/2024\/07\/orphia111-300x300.png",300,300,true],"woocommerce_single":["https:\/\/medlynat.com\/wp-content\/uploads\/2024\/07\/orphia111-600x788.png",600,788,true],"woocommerce_gallery_thumbnail":["https:\/\/medlynat.com\/wp-content\/uploads\/2024\/07\/orphia111-100x100.png",100,100,true]},"uagb_author_info":{"display_name":"mabelen2007","author_link":"https:\/\/medlynat.com\/index.php\/author\/"},"uagb_comment_info":4,"uagb_excerpt":"Orphia es una combinaci\u00f3n de ingredientes naturales que se encuentran en diferentes pa\u00edses y se combinan para restaurar la vitalidad, la confianza, el rendimiento y la energ\u00eda del hombre.","jetpack_sharing_enabled":true,"_links":{"self":[{"href":"https:\/\/medlynat.com\/index.php\/wp-json\/wp\/v2\/product\/3679","targetHints":{"allow":["GET"]}}],"collection":[{"href":"https:\/\/medlynat.com\/index.php\/wp-json\/wp\/v2\/product"}],"about":[{"href":"https:\/\/medlynat.com\/index.php\/wp-json\/wp\/v2\/types\/product"}],"replies":[{"embeddable":true,"href":"https:\/\/medlynat.com\/index.php\/wp-json\/wp\/v2\/comments?post=3679"}],"wp:featuredmedia":[{"embeddable":true,"href":"https:\/\/medlynat.com\/index.php\/wp-json\/wp\/v2\/media\/5864"}],"wp:attachment":[{"href":"https:\/\/medlynat.com\/index.php\/wp-json\/wp\/v2\/media?parent=3679"}],"wp:term":[{"taxonomy":"product_brand","embeddable":true,"href":"https:\/\/medlynat.com\/index.php\/wp-json\/wp\/v2\/product_brand?post=3679"},{"taxonomy":"product_cat","embeddable":true,"href":"https:\/\/medlynat.com\/index.php\/wp-json\/wp\/v2\/product_cat?post=3679"},{"taxonomy":"product_tag","embeddable":true,"href":"https:\/\/medlynat.com\/index.php\/wp-json\/wp\/v2\/product_tag?post=3679"}],"curies":[{"name":"wp","href":"https:\/\/api.w.org\/{rel}","templated":true}]}}