{"id":3681,"date":"2020-09-09T07:23:26","date_gmt":"2020-09-09T05:23:26","guid":{"rendered":"https:\/\/medlynat.com\/index.php\/producto\/pulses-from-organic-farm\/"},"modified":"2024-08-25T15:38:10","modified_gmt":"2024-08-25T20:38:10","slug":"coenzima-q10","status":"publish","type":"product","link":"https:\/\/medlynat.com\/index.php\/producto\/coenzima-q10\/","title":{"rendered":"Coenzima Q10"},"content":{"rendered":"<h4>Capsula<\/h4>\n<p><img loading=\"lazy\" decoding=\"async\" class=\"size-medium wp-image-5799 alignleft\" src=\"https:\/\/medlynat.com\/wp-content\/uploads\/2024\/07\/COENZIMA-Q10_USA-240x300.png\" alt=\"\" width=\"240\" height=\"300\" srcset=\"https:\/\/medlynat.com\/wp-content\/uploads\/2024\/07\/COENZIMA-Q10_USA-240x300.png 240w, https:\/\/medlynat.com\/wp-content\/uploads\/2024\/07\/COENZIMA-Q10_USA-768x960.png 768w, https:\/\/medlynat.com\/wp-content\/uploads\/2024\/07\/COENZIMA-Q10_USA-180x225.png 180w, https:\/\/medlynat.com\/wp-content\/uploads\/2024\/07\/COENZIMA-Q10_USA-600x750.png 600w, https:\/\/medlynat.com\/wp-content\/uploads\/2024\/07\/COENZIMA-Q10_USA.png 800w\" sizes=\"auto, (max-width: 240px) 100vw, 240px\" \/><\/p>\n<h5>COMPOSICI\u00d3N:<\/h5>\n<p>Cada botella contiene: 60 capsulas de m\u00e1xima concentraci\u00f3n.<\/p>\n<p>Tama\u00f1o de la porci\u00f3n: 1 capsula.<\/p>\n<p>Coenzima Q10 (extracto de man\u00ed-Arachis hypogaea)\u00a0\u00a0 100mg.<\/p>\n<p>Valor diario no establecido.<\/p>\n<p><strong>Excipientes:<\/strong> SunflowerOil, Beeswax, Butylated HydroxyTolune, Titanium dioxide, FD&amp;C YellowNo6, Gelatin shell<\/p>\n<h5><\/h5>\n<h5>MODO DE ACCI\u00d3N:<\/h5>\n<p>Coenzima Q10 mejora la salud del coraz\u00f3n, presi\u00f3n arterial e insuficiencia card\u00edaca.<\/p>\n<p>Coenzima Q10 reduce la mortalidad y la hospitalizaci\u00f3n en pacientes con insuficiencia card\u00edaca congestiva.<\/p>\n<p>Coenzima Q10 reduce la toxicidad card\u00edaca en pacientes sometidos a tratamientos contra el c\u00e1ncer.<\/p>\n<p>Coenzima Q10 puede aumentar la fuerza, la vitalidad y los niveles de energ\u00eda.<\/p>\n<p>Coenzima Q10 puede ayudar a los pacientes con etapas tempranas de la enfermedad de Parkinson y otros trastornos del movimiento neurol\u00f3gico.<\/p>\n<p>Coenzima Q10 puede ayudar a disminuir la frecuencia de las migra\u00f1as.<\/p>\n<p><strong>C\u00f3digo ATC: <\/strong>A07DA03<\/p>\n<h5>INDICACIONES TERAP\u00c9UTICAS<\/h5>\n<p>Tome (V\u00cdA DE ADMINISTRACI\u00d3N ORAL) 2 capsulas al d\u00eda con cualquier comida para obtener mejores resultados o seg\u00fan lo recomendado por su m\u00e9dico.<\/p>\n<h5>PRECAUCI\u00d3N<\/h5>\n<p>Antes de utilizar este producto consulte con su m\u00e9dico si est\u00e1 embarazada, en periodo de lactancia, le han diagnosticado afecciones medicas o se someti\u00f3 recientemente a alg\u00fan procedimiento m\u00e9dico. Si usted est\u00e1 tomando alg\u00fan medicamento, consulte con su medico antes de ingerir este producto.<\/p>\n<p>&nbsp;<\/p>\n   ","protected":false},"excerpt":{"rendered":"<p>Coenzyme Q10 (CoQ10) es un nutriente que se produce naturalmente en el<br \/>\ncuerpo y act\u00faa como un antioxidante, que protege a las c\u00e9lulas del da\u00f1o y<br \/>\njuega un papel importante en el metabolismo.<\/p>\n","protected":false},"featured_media":5799,"comment_status":"open","ping_status":"closed","template":"","meta":{"_uag_custom_page_level_css":"","_joinchat":[]},"product_brand":[],"product_cat":[26],"product_tag":[],"class_list":{"0":"post-3681","1":"product","2":"type-product","3":"status-publish","4":"has-post-thumbnail","6":"product_cat-medlynat","8":"first","9":"instock","10":"featured","11":"purchasable","12":"product-type-simple"},"uagb_featured_image_src":{"full":["https:\/\/medlynat.com\/wp-content\/uploads\/2024\/07\/COENZIMA-Q10_USA.png",800,1000,false],"thumbnail":["https:\/\/medlynat.com\/wp-content\/uploads\/2024\/07\/COENZIMA-Q10_USA-150x150.png",150,150,true],"medium":["https:\/\/medlynat.com\/wp-content\/uploads\/2024\/07\/COENZIMA-Q10_USA-240x300.png",240,300,true],"medium_large":["https:\/\/medlynat.com\/wp-content\/uploads\/2024\/07\/COENZIMA-Q10_USA-768x960.png",768,960,true],"large":["https:\/\/medlynat.com\/wp-content\/uploads\/2024\/07\/COENZIMA-Q10_USA.png",800,1000,false],"1536x1536":["https:\/\/medlynat.com\/wp-content\/uploads\/2024\/07\/COENZIMA-Q10_USA.png",800,1000,false],"2048x2048":["https:\/\/medlynat.com\/wp-content\/uploads\/2024\/07\/COENZIMA-Q10_USA.png",800,1000,false],"medihealth_blog_300":["https:\/\/medlynat.com\/wp-content\/uploads\/2024\/07\/COENZIMA-Q10_USA-180x225.png",180,225,true],"woocommerce_thumbnail":["https:\/\/medlynat.com\/wp-content\/uploads\/2024\/07\/COENZIMA-Q10_USA-300x300.png",300,300,true],"woocommerce_single":["https:\/\/medlynat.com\/wp-content\/uploads\/2024\/07\/COENZIMA-Q10_USA-600x750.png",600,750,true],"woocommerce_gallery_thumbnail":["https:\/\/medlynat.com\/wp-content\/uploads\/2024\/07\/COENZIMA-Q10_USA-100x100.png",100,100,true]},"uagb_author_info":{"display_name":"mabelen2007","author_link":"https:\/\/medlynat.com\/index.php\/author\/"},"uagb_comment_info":0,"uagb_excerpt":"Coenzyme Q10 (CoQ10) es un nutriente que se produce naturalmente en el cuerpo y act\u00faa como un antioxidante, que protege a las c\u00e9lulas del da\u00f1o y juega un papel importante en el metabolismo.","jetpack_sharing_enabled":true,"_links":{"self":[{"href":"https:\/\/medlynat.com\/index.php\/wp-json\/wp\/v2\/product\/3681","targetHints":{"allow":["GET"]}}],"collection":[{"href":"https:\/\/medlynat.com\/index.php\/wp-json\/wp\/v2\/product"}],"about":[{"href":"https:\/\/medlynat.com\/index.php\/wp-json\/wp\/v2\/types\/product"}],"replies":[{"embeddable":true,"href":"https:\/\/medlynat.com\/index.php\/wp-json\/wp\/v2\/comments?post=3681"}],"wp:featuredmedia":[{"embeddable":true,"href":"https:\/\/medlynat.com\/index.php\/wp-json\/wp\/v2\/media\/5799"}],"wp:attachment":[{"href":"https:\/\/medlynat.com\/index.php\/wp-json\/wp\/v2\/media?parent=3681"}],"wp:term":[{"taxonomy":"product_brand","embeddable":true,"href":"https:\/\/medlynat.com\/index.php\/wp-json\/wp\/v2\/product_brand?post=3681"},{"taxonomy":"product_cat","embeddable":true,"href":"https:\/\/medlynat.com\/index.php\/wp-json\/wp\/v2\/product_cat?post=3681"},{"taxonomy":"product_tag","embeddable":true,"href":"https:\/\/medlynat.com\/index.php\/wp-json\/wp\/v2\/product_tag?post=3681"}],"curies":[{"name":"wp","href":"https:\/\/api.w.org\/{rel}","templated":true}]}}