{"id":5192,"date":"2024-06-19T17:58:19","date_gmt":"2024-06-19T22:58:19","guid":{"rendered":"https:\/\/medlynat.com\/?post_type=product&#038;p=5192"},"modified":"2024-08-25T15:37:21","modified_gmt":"2024-08-25T20:37:21","slug":"omega369","status":"publish","type":"product","link":"https:\/\/medlynat.com\/index.php\/producto\/omega369\/","title":{"rendered":"Omega369"},"content":{"rendered":"<h5>FORMA FARMACEUTICA<\/h5>\n<p>Capsula<\/p>\n<p><img loading=\"lazy\" decoding=\"async\" class=\"size-medium wp-image-5803 alignleft\" src=\"https:\/\/medlynat.com\/wp-content\/uploads\/2024\/07\/OMEGA-369_USA-240x300.png\" alt=\"\" width=\"240\" height=\"300\" srcset=\"https:\/\/medlynat.com\/wp-content\/uploads\/2024\/07\/OMEGA-369_USA-240x300.png 240w, https:\/\/medlynat.com\/wp-content\/uploads\/2024\/07\/OMEGA-369_USA-768x960.png 768w, https:\/\/medlynat.com\/wp-content\/uploads\/2024\/07\/OMEGA-369_USA-180x225.png 180w, https:\/\/medlynat.com\/wp-content\/uploads\/2024\/07\/OMEGA-369_USA-600x750.png 600w, https:\/\/medlynat.com\/wp-content\/uploads\/2024\/07\/OMEGA-369_USA.png 800w\" sizes=\"auto, (max-width: 240px) 100vw, 240px\" \/><\/p>\n<h5>COMPOSICI\u00d3N:<\/h5>\n<p><strong>\u00a0<\/strong>Cada botella contiene: 60 capsulas de m\u00e1xima concentraci\u00f3n.<\/p>\n<p>Tama\u00f1o de la porci\u00f3n: 1 capsula.<\/p>\n<p>Aceite de Linaza (Linum usitatissinum) (omega3, omega6 y omega9)\u00a0\u00a0 500mg<\/p>\n<p>Valor diario no establecido.<\/p>\n<p>Excipientes: Gelatine<\/p>\n<h5><\/h5>\n<h5>MODO DE ACCI\u00d3N:<\/h5>\n<p>Omega 369 ayuda a bajar los niveles de colesterol.<\/p>\n<p>Omega 369 ayuda a reducir algunos factores de riesgo de enfermedad cardiovascular.<\/p>\n<p>Omega 369 ayuda con el estre\u00f1imiento.<\/p>\n<p>Omega 369 a aliviar las molestias gastrointestina-les.<\/p>\n<h5>INDICACIONES TERAP\u00c9UTICAS<\/h5>\n<p>Tome (V\u00cdA DE ADMINISTRACI\u00d3N ORAL) 2 capsulas al d\u00eda con cualquier comida para obtener mejores resultados o seg\u00fan lo recomendado por su m\u00e9dico.<\/p>\n<h5>PRECAUCI\u00d3N<\/h5>\n<p>Antes de utilizar este producto consulte con su m\u00e9dico si est\u00e1 embarazada, en periodo de lactancia, le han diagnosticado afecciones medicas o se someti\u00f3 recientemente a alg\u00fan procedimiento m\u00e9dico. Si usted est\u00e1 tomando alg\u00fan medicamento, consulte con su m\u00e9dico antes de ingerir este producto.<\/p>\n<h5>FORMA DE ADMINISTRACI\u00d3N:<\/h5>\n<p>V\u00eda de administraci\u00f3n oral<\/p>\n   ","protected":false},"excerpt":{"rendered":"<p>FORMA FARMACEUTICA Capsula COMPOSICI\u00d3N: \u00a0Cada botella contiene: 60 capsulas de m\u00e1xima concentraci\u00f3n. Tama\u00f1o de la porci\u00f3n: 1 capsula. Aceite de Linaza (Linum usitatissinum) (omega3, omega6 y omega9)\u00a0\u00a0 500mg Valor diario no establecido. Excipientes: Gelatine MODO DE ACCI\u00d3N: Omega 369 ayuda a bajar los niveles de colesterol. Omega 369 ayuda a reducir algunos factores de riesgo [&hellip;]<\/p>\n","protected":false},"featured_media":5803,"comment_status":"open","ping_status":"closed","template":"","meta":{"_uag_custom_page_level_css":"","_joinchat":[]},"product_brand":[],"product_cat":[26],"product_tag":[],"class_list":{"0":"post-5192","1":"product","2":"type-product","3":"status-publish","4":"has-post-thumbnail","6":"product_cat-medlynat","8":"first","9":"instock","10":"featured","11":"purchasable","12":"product-type-simple"},"uagb_featured_image_src":{"full":["https:\/\/medlynat.com\/wp-content\/uploads\/2024\/07\/OMEGA-369_USA.png",800,1000,false],"thumbnail":["https:\/\/medlynat.com\/wp-content\/uploads\/2024\/07\/OMEGA-369_USA-150x150.png",150,150,true],"medium":["https:\/\/medlynat.com\/wp-content\/uploads\/2024\/07\/OMEGA-369_USA-240x300.png",240,300,true],"medium_large":["https:\/\/medlynat.com\/wp-content\/uploads\/2024\/07\/OMEGA-369_USA-768x960.png",768,960,true],"large":["https:\/\/medlynat.com\/wp-content\/uploads\/2024\/07\/OMEGA-369_USA.png",800,1000,false],"1536x1536":["https:\/\/medlynat.com\/wp-content\/uploads\/2024\/07\/OMEGA-369_USA.png",800,1000,false],"2048x2048":["https:\/\/medlynat.com\/wp-content\/uploads\/2024\/07\/OMEGA-369_USA.png",800,1000,false],"medihealth_blog_300":["https:\/\/medlynat.com\/wp-content\/uploads\/2024\/07\/OMEGA-369_USA-180x225.png",180,225,true],"woocommerce_thumbnail":["https:\/\/medlynat.com\/wp-content\/uploads\/2024\/07\/OMEGA-369_USA-300x300.png",300,300,true],"woocommerce_single":["https:\/\/medlynat.com\/wp-content\/uploads\/2024\/07\/OMEGA-369_USA-600x750.png",600,750,true],"woocommerce_gallery_thumbnail":["https:\/\/medlynat.com\/wp-content\/uploads\/2024\/07\/OMEGA-369_USA-100x100.png",100,100,true]},"uagb_author_info":{"display_name":"mabelen2007","author_link":"https:\/\/medlynat.com\/index.php\/author\/"},"uagb_comment_info":0,"uagb_excerpt":"FORMA FARMACEUTICA Capsula COMPOSICI\u00d3N: \u00a0Cada botella contiene: 60 capsulas de m\u00e1xima concentraci\u00f3n. Tama\u00f1o de la porci\u00f3n: 1 capsula. Aceite de Linaza (Linum usitatissinum) (omega3, omega6 y omega9)\u00a0\u00a0 500mg Valor diario no establecido. Excipientes: Gelatine MODO DE ACCI\u00d3N: Omega 369 ayuda a bajar los niveles de colesterol. Omega 369 ayuda a reducir algunos factores de riesgo&hellip;","jetpack_sharing_enabled":true,"_links":{"self":[{"href":"https:\/\/medlynat.com\/index.php\/wp-json\/wp\/v2\/product\/5192","targetHints":{"allow":["GET"]}}],"collection":[{"href":"https:\/\/medlynat.com\/index.php\/wp-json\/wp\/v2\/product"}],"about":[{"href":"https:\/\/medlynat.com\/index.php\/wp-json\/wp\/v2\/types\/product"}],"replies":[{"embeddable":true,"href":"https:\/\/medlynat.com\/index.php\/wp-json\/wp\/v2\/comments?post=5192"}],"wp:featuredmedia":[{"embeddable":true,"href":"https:\/\/medlynat.com\/index.php\/wp-json\/wp\/v2\/media\/5803"}],"wp:attachment":[{"href":"https:\/\/medlynat.com\/index.php\/wp-json\/wp\/v2\/media?parent=5192"}],"wp:term":[{"taxonomy":"product_brand","embeddable":true,"href":"https:\/\/medlynat.com\/index.php\/wp-json\/wp\/v2\/product_brand?post=5192"},{"taxonomy":"product_cat","embeddable":true,"href":"https:\/\/medlynat.com\/index.php\/wp-json\/wp\/v2\/product_cat?post=5192"},{"taxonomy":"product_tag","embeddable":true,"href":"https:\/\/medlynat.com\/index.php\/wp-json\/wp\/v2\/product_tag?post=5192"}],"curies":[{"name":"wp","href":"https:\/\/api.w.org\/{rel}","templated":true}]}}