{"id":5980,"date":"2024-10-09T20:40:51","date_gmt":"2024-10-10T01:40:51","guid":{"rendered":"https:\/\/medlynat.com\/?post_type=product&#038;p=5980"},"modified":"2025-02-20T16:18:35","modified_gmt":"2025-02-20T21:18:35","slug":"cbd-oil","status":"publish","type":"product","link":"https:\/\/medlynat.com\/index.php\/producto\/cbd-oil\/","title":{"rendered":"CBD OIL"},"content":{"rendered":"<div id=\"attachment_5978\" style=\"width: 255px\" class=\"wp-caption aligncenter\"><img loading=\"lazy\" decoding=\"async\" aria-describedby=\"caption-attachment-5978\" class=\"size-medium wp-image-5978\" src=\"https:\/\/medlynat.com\/wp-content\/uploads\/2024\/10\/CBD-Photoroom-245x300.png\" alt=\"T\u00fa aliado contra el estr\u00e9s y el dolor\" width=\"245\" height=\"300\" srcset=\"https:\/\/medlynat.com\/wp-content\/uploads\/2024\/10\/CBD-Photoroom-245x300.png 245w, https:\/\/medlynat.com\/wp-content\/uploads\/2024\/10\/CBD-Photoroom-836x1024.png 836w, https:\/\/medlynat.com\/wp-content\/uploads\/2024\/10\/CBD-Photoroom-768x941.png 768w, https:\/\/medlynat.com\/wp-content\/uploads\/2024\/10\/CBD-Photoroom-184x225.png 184w, https:\/\/medlynat.com\/wp-content\/uploads\/2024\/10\/CBD-Photoroom-600x735.png 600w, https:\/\/medlynat.com\/wp-content\/uploads\/2024\/10\/CBD-Photoroom.png 1045w\" sizes=\"auto, (max-width: 245px) 100vw, 245px\" \/><p id=\"caption-attachment-5978\" class=\"wp-caption-text\"><strong><em>\u00abT\u00fa<span style=\"font-size: 16px;\"> alivio diario, directo de la naturaleza\u00bb<\/span><\/em><\/strong><\/p><\/div>\n<h3>REGISTRO SANITARIO No. 409-PNE-0424<\/h3>\n<h3>COMPOSICI\u00d3N:<\/h3>\n<p>CANNABISA sativa seed oil 90g +\/-4.5g<\/p>\n<p>CANNABIDIOL (CBD) 10G+\/-0.5G<\/p>\n<h3>BENEFICIOS<\/h3>\n<ul>\n<li>Alivio del dolor: Se ha encontrado que el CBD ayuda a reducir el dolor cr\u00f3nico, incluida la inflamaci\u00f3n y el dolor neurop\u00e1tico.<\/li>\n<li>Reducci\u00f3n de la ansiedad y la depresi\u00f3n: El CBD ayuda a manejar la ansiedad y los s\u00edntomas depresivos.<\/li>\n<li>Mejora del sue\u00f1o: El CBD ayuda a mejorar la calidad del sue\u00f1o y a reducir el insomnio.<\/li>\n<li>Efectos neuro protectores: Se est\u00e1n investigando los efectos positivos del CBD en enfermedades neurodegenerativas como el Alzheimer y la esclerosis m\u00faltiple con excelentes resultados.<\/li>\n<li>Propiedades antiinflamatorias: El CBD tiene propiedades que ayudan a reducir la inflamaci\u00f3n en el cuerpo.<\/li>\n<li>Control de convulsiones: El CBD se ha utilizado en el tratamiento de ciertos tipos de epilepsia, como el s\u00edndrome de Dravet y el s\u00edndrome de Lennox-Gastaut.<\/li>\n<li>Es importante recordar que los efectos del CBD pueden variar de una persona a otra y que siempre es recomendable consultar con un profesional de la salud antes de comenzar a usarlo, especialmente si se est\u00e1n tomando otros medicamentos.<\/li>\n<li>Los estudios cl\u00ednicos actuales sugieren que el producto tiene un gran potencial terap\u00e9utico para tratar una amplia gama de patolog\u00edas, incluyendo dolor cr\u00f3nico, fibromialgia, ciertos tipos de c\u00e1ncer, enfermedades inflamatorias autoinmunes, trastornos neurol\u00f3gicos, enfermedades neuropsiqui\u00e1tricas, ansiedad, depresi\u00f3n, s\u00edndromes metab\u00f3licos, trastorno de estr\u00e9s postraum\u00e1tico, alcoholismo, des\u00f3rdenes cardiovasculares y diversas enfermedades inflamatorias, tanto intestinales como de la piel.<\/li>\n<\/ul>\n<h5><\/h5>\n<h3>INDICACIONES TERAP\u00c9UTICAS<\/h3>\n<p>Cada gota, dosificada con pipeta graduada, contiene 4mg de CBD.<\/p>\n   ","protected":false},"excerpt":{"rendered":"<p>El aceite de CBD em gotas es un extracto natural derivado del c\u00e1\u00f1amo, dise\u00f1ado para promover el bienestar u el equilibrio. Posee propiedades calmantes y antiinflamatorias sin efectos secundarios<\/p>\n","protected":false},"featured_media":5983,"comment_status":"open","ping_status":"closed","template":"","meta":{"_uag_custom_page_level_css":"","_joinchat":[]},"product_brand":[],"product_cat":[26],"product_tag":[],"class_list":{"0":"post-5980","1":"product","2":"type-product","3":"status-publish","4":"has-post-thumbnail","6":"product_cat-medlynat","8":"first","9":"instock","10":"sale","11":"featured","12":"taxable","13":"shipping-taxable","14":"purchasable","15":"product-type-simple"},"uagb_featured_image_src":{"full":["https:\/\/medlynat.com\/wp-content\/uploads\/2024\/10\/dsto.jpg",899,1599,false],"thumbnail":["https:\/\/medlynat.com\/wp-content\/uploads\/2024\/10\/dsto-150x150.jpg",150,150,true],"medium":["https:\/\/medlynat.com\/wp-content\/uploads\/2024\/10\/dsto-169x300.jpg",169,300,true],"medium_large":["https:\/\/medlynat.com\/wp-content\/uploads\/2024\/10\/dsto-768x1366.jpg",768,1366,true],"large":["https:\/\/medlynat.com\/wp-content\/uploads\/2024\/10\/dsto-576x1024.jpg",576,1024,true],"1536x1536":["https:\/\/medlynat.com\/wp-content\/uploads\/2024\/10\/dsto-864x1536.jpg",864,1536,true],"2048x2048":["https:\/\/medlynat.com\/wp-content\/uploads\/2024\/10\/dsto.jpg",899,1599,false],"medihealth_blog_300":["https:\/\/medlynat.com\/wp-content\/uploads\/2024\/10\/dsto-127x225.jpg",127,225,true],"woocommerce_thumbnail":["https:\/\/medlynat.com\/wp-content\/uploads\/2024\/10\/dsto-300x300.jpg",300,300,true],"woocommerce_single":["https:\/\/medlynat.com\/wp-content\/uploads\/2024\/10\/dsto-600x1067.jpg",600,1067,true],"woocommerce_gallery_thumbnail":["https:\/\/medlynat.com\/wp-content\/uploads\/2024\/10\/dsto-100x100.jpg",100,100,true]},"uagb_author_info":{"display_name":"mabelen2007","author_link":"https:\/\/medlynat.com\/index.php\/author\/"},"uagb_comment_info":0,"uagb_excerpt":"El aceite de CBD em gotas es un extracto natural derivado del c\u00e1\u00f1amo, dise\u00f1ado para promover el bienestar u el equilibrio. Posee propiedades calmantes y antiinflamatorias sin efectos secundarios","jetpack_sharing_enabled":true,"_links":{"self":[{"href":"https:\/\/medlynat.com\/index.php\/wp-json\/wp\/v2\/product\/5980","targetHints":{"allow":["GET"]}}],"collection":[{"href":"https:\/\/medlynat.com\/index.php\/wp-json\/wp\/v2\/product"}],"about":[{"href":"https:\/\/medlynat.com\/index.php\/wp-json\/wp\/v2\/types\/product"}],"replies":[{"embeddable":true,"href":"https:\/\/medlynat.com\/index.php\/wp-json\/wp\/v2\/comments?post=5980"}],"wp:featuredmedia":[{"embeddable":true,"href":"https:\/\/medlynat.com\/index.php\/wp-json\/wp\/v2\/media\/5983"}],"wp:attachment":[{"href":"https:\/\/medlynat.com\/index.php\/wp-json\/wp\/v2\/media?parent=5980"}],"wp:term":[{"taxonomy":"product_brand","embeddable":true,"href":"https:\/\/medlynat.com\/index.php\/wp-json\/wp\/v2\/product_brand?post=5980"},{"taxonomy":"product_cat","embeddable":true,"href":"https:\/\/medlynat.com\/index.php\/wp-json\/wp\/v2\/product_cat?post=5980"},{"taxonomy":"product_tag","embeddable":true,"href":"https:\/\/medlynat.com\/index.php\/wp-json\/wp\/v2\/product_tag?post=5980"}],"curies":[{"name":"wp","href":"https:\/\/api.w.org\/{rel}","templated":true}]}}